{"id":4725,"date":"2021-02-01T10:03:36","date_gmt":"2021-02-01T10:03:36","guid":{"rendered":"https:\/\/bon.de\/?post_type=product&#038;p=4725"},"modified":"2025-09-25T00:00:01","modified_gmt":"2025-09-24T23:00:01","slug":"heine-beta-200-led-skiaskopkopf-mit-parastop-3-5v-2","status":"publish","type":"product","link":"https:\/\/bon.de\/en\/product\/heine-beta-200-led-skiaskopkopf-mit-parastop-3-5v-2\/","title":{"rendered":"Heine Beta 200 LED Skiaskopkopf mit Parastop 3,5V"},"content":{"rendered":"<h4>HEINE BETA 200 LED Skiaskop-Kopf<\/h4>\n<p>F\u00fcr eine einfache und schnelle Beobachtung des Fundusreflexes<\/p>\n<p><b>ParaStop. Pr\u00e4zise Einstellung des parallelen Strahlenganges.<\/b><\/p>\n<p>Die absolut homogene LEDHQ-Beleuchtung f\u00fcr das pr\u00e4zise Lichtband erm\u00f6glicht ein leichtes und schnelles Erkennen des Fundusreflexes.<\/p>\n<p>ParaStop. Pr\u00e4zise Einstellung des parallelen Strahlenganges.<\/p>\n<p>Sehr hell leuchtendes, pr\u00e4zises Lichtband mit einer Strichbreite von typ. 1,1 mm (ISO 12865 Standard &lt; 1,5 mm) und einer Strichl\u00e4nge von 35 mm f\u00fcr einen sehr hellen, gut sichtbaren Fundusreflex.<\/p>\n<p>HEINE hat einen neuen Standard gesetzt, indem von der Materialauswahl \u00fcber die Verarbeitung, von der Lichtst\u00e4rke bis zur Dimmbarkeit, vom W\u00e4rmemanagement bis zu einem m\u00f6glichst hohen Farbwiedergabe-Index das Beste gerade gut genug ist. Wir nennen das LED in HEINE Qualit\u00e4t. Kurz LEDHQ.<\/p>\n<ul>\n<li>Patentierte und einzigartige stufenlose Dimmbarkeit zwischen 3 \u2013 100% mit praktischer Einfinger-Bedienung.<\/li>\n<li>Ergonomische Form. Gute Abdeckung der Orbita, Streulicht wird weitgehend eliminiert.<\/li>\n<li>Bedienelemente aus Metall. Langlebig, hohe Qualit\u00e4t.<\/li>\n<li>Ein einziges Bedienelement f\u00fcr Vergenz und Strichrotation. Bequeme Bedienung mit dem Daumen.<\/li>\n<li>Wartungsfrei. Staubdicht. LED mit praktisch unbegrenzter Lebensdauer.<\/li>\n<li>Integrierter Polarisationsfilter. Eliminiert Streulicht und interne Reflexe.<\/li>\n<li>Stirnauflage f\u00fcr Brillentr\u00e4ger. Praktisch und stabilisierend.<\/li>\n<li>Halterung f\u00fcr Fixationskarten (optional). F\u00fcr dynamische Skiaskopie.<\/li>\n<li>Die volle Funktionsf\u00e4higkeit des BETA 200 LED ist mit den aktuellen BETA Ladegriffen und den EN 200 \/ EN 200-1 Wandtransformatoren gew\u00e4hrleistet.<\/li>\n<\/ul>\n","protected":false},"excerpt":{"rendered":"<p>HEINE BETA 200 LED Skiaskop-Kopf F\u00fcr eine einfache und schnelle Beobachtung des Fundusreflexes ParaStop. Pr\u00e4zise Einstellung des parallelen Strahlenganges. Die absolut homogene LEDHQ-Beleuchtung f\u00fcr das pr\u00e4zise Lichtband erm\u00f6glicht ein leichtes und schnelles Erkennen des Fundusreflexes. ParaStop. Pr\u00e4zise Einstellung des parallelen Strahlenganges. Sehr hell leuchtendes, pr\u00e4zises Lichtband mit einer Strichbreite von typ. 1,1 mm (ISO 12865 [&hellip;]<\/p>\n","protected":false},"featured_media":4726,"comment_status":"open","ping_status":"closed","template":"","meta":{"_acf_changed":false,"inline_featured_image":false},"product_manufacturers":[467],"product_brand":[],"product_cat":[593,185,149,203],"product_tag":[],"class_list":{"0":"post-4725","1":"product","2":"type-product","3":"status-publish","4":"has-post-thumbnail","6":"product_cat-retinoscopes-en","7":"product_cat-bon-shop-2","8":"product_cat-handhelds","9":"product_cat-retinoscopes","11":"first","12":"instock","13":"taxable","14":"shipping-taxable","15":"purchasable","16":"product-type-simple"},"acf":[],"yoast_head":"<!-- This site is optimized with the Yoast SEO plugin v27.0 - https:\/\/yoast.com\/product\/yoast-seo-wordpress\/ -->\n<title>LED Skiaskop Heine<\/title>\n<meta name=\"description\" content=\"HEINE BETA 200 LED Skiaskop mit HEINE ParaStop\" \/>\n<meta name=\"robots\" content=\"index, follow, max-snippet:-1, max-image-preview:large, max-video-preview:-1\" \/>\n<link rel=\"canonical\" href=\"https:\/\/bon.de\/en\/product\/heine-beta-200-led-skiaskopkopf-mit-parastop-3-5v-2\/\" \/>\n<meta property=\"og:locale\" content=\"en_US\" \/>\n<meta property=\"og:type\" content=\"article\" \/>\n<meta property=\"og:title\" content=\"LED Skiaskop Heine\" \/>\n<meta property=\"og:description\" content=\"HEINE BETA 200 LED Skiaskop mit HEINE ParaStop\" \/>\n<meta property=\"og:url\" content=\"https:\/\/bon.de\/en\/product\/heine-beta-200-led-skiaskopkopf-mit-parastop-3-5v-2\/\" \/>\n<meta property=\"og:site_name\" content=\"bon Optic - Partner auf Augenh\u00f6he\" \/>\n<meta property=\"article:modified_time\" content=\"2025-09-24T23:00:01+00:00\" \/>\n<meta property=\"og:image\" content=\"https:\/\/bon.de\/wp-content\/uploads\/2021\/02\/products-60555_02-1.jpg\" \/>\n\t<meta property=\"og:image:width\" content=\"700\" \/>\n\t<meta property=\"og:image:height\" content=\"700\" \/>\n\t<meta property=\"og:image:type\" content=\"image\/jpeg\" \/>\n<meta name=\"twitter:card\" content=\"summary_large_image\" \/>\n<meta name=\"twitter:label1\" content=\"Est. reading time\" \/>\n\t<meta name=\"twitter:data1\" content=\"2 minutes\" \/>\n<script type=\"application\/ld+json\" class=\"yoast-schema-graph\">{\"@context\":\"https:\/\/schema.org\",\"@graph\":[{\"@type\":\"WebPage\",\"@id\":\"https:\/\/bon.de\/en\/product\/heine-beta-200-led-skiaskopkopf-mit-parastop-3-5v-2\/\",\"url\":\"https:\/\/bon.de\/en\/product\/heine-beta-200-led-skiaskopkopf-mit-parastop-3-5v-2\/\",\"name\":\"LED Skiaskop Heine\",\"isPartOf\":{\"@id\":\"https:\/\/bon.de\/#website\"},\"primaryImageOfPage\":{\"@id\":\"https:\/\/bon.de\/en\/product\/heine-beta-200-led-skiaskopkopf-mit-parastop-3-5v-2\/#primaryimage\"},\"image\":{\"@id\":\"https:\/\/bon.de\/en\/product\/heine-beta-200-led-skiaskopkopf-mit-parastop-3-5v-2\/#primaryimage\"},\"thumbnailUrl\":\"https:\/\/bon.de\/wp-content\/uploads\/2021\/02\/products-60555_02-1.jpg\",\"datePublished\":\"2021-02-01T10:03:36+00:00\",\"dateModified\":\"2025-09-24T23:00:01+00:00\",\"description\":\"HEINE BETA 200 LED Skiaskop mit HEINE ParaStop\",\"breadcrumb\":{\"@id\":\"https:\/\/bon.de\/en\/product\/heine-beta-200-led-skiaskopkopf-mit-parastop-3-5v-2\/#breadcrumb\"},\"inLanguage\":\"en-US\",\"potentialAction\":[{\"@type\":\"ReadAction\",\"target\":[\"https:\/\/bon.de\/en\/product\/heine-beta-200-led-skiaskopkopf-mit-parastop-3-5v-2\/\"]}]},{\"@type\":\"ImageObject\",\"inLanguage\":\"en-US\",\"@id\":\"https:\/\/bon.de\/en\/product\/heine-beta-200-led-skiaskopkopf-mit-parastop-3-5v-2\/#primaryimage\",\"url\":\"https:\/\/bon.de\/wp-content\/uploads\/2021\/02\/products-60555_02-1.jpg\",\"contentUrl\":\"https:\/\/bon.de\/wp-content\/uploads\/2021\/02\/products-60555_02-1.jpg\",\"width\":700,\"height\":700,\"caption\":\"Heine Beta 200 LED Skiaskopkopf mit Parastop 3,5V\"},{\"@type\":\"BreadcrumbList\",\"@id\":\"https:\/\/bon.de\/en\/product\/heine-beta-200-led-skiaskopkopf-mit-parastop-3-5v-2\/#breadcrumb\",\"itemListElement\":[{\"@type\":\"ListItem\",\"position\":1,\"name\":\"Home\",\"item\":\"https:\/\/bon.de\/en\/\"},{\"@type\":\"ListItem\",\"position\":2,\"name\":\"Shop\",\"item\":\"https:\/\/bon.de\/en\/shop-2-2\/\"},{\"@type\":\"ListItem\",\"position\":3,\"name\":\"Heine Beta 200 LED Skiaskopkopf mit Parastop 3,5V\"}]},{\"@type\":\"WebSite\",\"@id\":\"https:\/\/bon.de\/#website\",\"url\":\"https:\/\/bon.de\/\",\"name\":\"bon Optic - Partner auf Augenh\u00f6he\",\"description\":\"\",\"publisher\":{\"@id\":\"https:\/\/bon.de\/#organization\"},\"potentialAction\":[{\"@type\":\"SearchAction\",\"target\":{\"@type\":\"EntryPoint\",\"urlTemplate\":\"https:\/\/bon.de\/?s={search_term_string}\"},\"query-input\":{\"@type\":\"PropertyValueSpecification\",\"valueRequired\":true,\"valueName\":\"search_term_string\"}}],\"inLanguage\":\"en-US\"},{\"@type\":\"Organization\",\"@id\":\"https:\/\/bon.de\/#organization\",\"name\":\"bon Optic Vertriebsgesellschaft mbH\",\"url\":\"https:\/\/bon.de\/\",\"logo\":{\"@type\":\"ImageObject\",\"inLanguage\":\"en-US\",\"@id\":\"https:\/\/bon.de\/#\/schema\/logo\/image\/\",\"url\":\"https:\/\/bon.de\/wp-content\/uploads\/2021\/06\/bon-Logo_512x512px.png\",\"contentUrl\":\"https:\/\/bon.de\/wp-content\/uploads\/2021\/06\/bon-Logo_512x512px.png\",\"width\":512,\"height\":512,\"caption\":\"bon Optic Vertriebsgesellschaft mbH\"},\"image\":{\"@id\":\"https:\/\/bon.de\/#\/schema\/logo\/image\/\"},\"sameAs\":[\"https:\/\/www.linkedin.com\/company\/bon-optic-vertriebsgesellschaft-mbh\/\",\"https:\/\/www.youtube.com\/channel\/UCSURhENDItKaH88bvn8LlcA\"]}]}<\/script>\n<!-- \/ Yoast SEO plugin. -->","yoast_head_json":{"title":"LED Skiaskop Heine","description":"HEINE BETA 200 LED Skiaskop mit HEINE ParaStop","robots":{"index":"index","follow":"follow","max-snippet":"max-snippet:-1","max-image-preview":"max-image-preview:large","max-video-preview":"max-video-preview:-1"},"canonical":"https:\/\/bon.de\/en\/product\/heine-beta-200-led-skiaskopkopf-mit-parastop-3-5v-2\/","og_locale":"en_US","og_type":"article","og_title":"LED Skiaskop Heine","og_description":"HEINE BETA 200 LED Skiaskop mit HEINE ParaStop","og_url":"https:\/\/bon.de\/en\/product\/heine-beta-200-led-skiaskopkopf-mit-parastop-3-5v-2\/","og_site_name":"bon Optic - Partner auf Augenh\u00f6he","article_modified_time":"2025-09-24T23:00:01+00:00","og_image":[{"width":700,"height":700,"url":"https:\/\/bon.de\/wp-content\/uploads\/2021\/02\/products-60555_02-1.jpg","type":"image\/jpeg"}],"twitter_card":"summary_large_image","twitter_misc":{"Est. reading time":"2 minutes"},"schema":{"@context":"https:\/\/schema.org","@graph":[{"@type":"WebPage","@id":"https:\/\/bon.de\/en\/product\/heine-beta-200-led-skiaskopkopf-mit-parastop-3-5v-2\/","url":"https:\/\/bon.de\/en\/product\/heine-beta-200-led-skiaskopkopf-mit-parastop-3-5v-2\/","name":"LED Skiaskop Heine","isPartOf":{"@id":"https:\/\/bon.de\/#website"},"primaryImageOfPage":{"@id":"https:\/\/bon.de\/en\/product\/heine-beta-200-led-skiaskopkopf-mit-parastop-3-5v-2\/#primaryimage"},"image":{"@id":"https:\/\/bon.de\/en\/product\/heine-beta-200-led-skiaskopkopf-mit-parastop-3-5v-2\/#primaryimage"},"thumbnailUrl":"https:\/\/bon.de\/wp-content\/uploads\/2021\/02\/products-60555_02-1.jpg","datePublished":"2021-02-01T10:03:36+00:00","dateModified":"2025-09-24T23:00:01+00:00","description":"HEINE BETA 200 LED Skiaskop mit HEINE ParaStop","breadcrumb":{"@id":"https:\/\/bon.de\/en\/product\/heine-beta-200-led-skiaskopkopf-mit-parastop-3-5v-2\/#breadcrumb"},"inLanguage":"en-US","potentialAction":[{"@type":"ReadAction","target":["https:\/\/bon.de\/en\/product\/heine-beta-200-led-skiaskopkopf-mit-parastop-3-5v-2\/"]}]},{"@type":"ImageObject","inLanguage":"en-US","@id":"https:\/\/bon.de\/en\/product\/heine-beta-200-led-skiaskopkopf-mit-parastop-3-5v-2\/#primaryimage","url":"https:\/\/bon.de\/wp-content\/uploads\/2021\/02\/products-60555_02-1.jpg","contentUrl":"https:\/\/bon.de\/wp-content\/uploads\/2021\/02\/products-60555_02-1.jpg","width":700,"height":700,"caption":"Heine Beta 200 LED Skiaskopkopf mit Parastop 3,5V"},{"@type":"BreadcrumbList","@id":"https:\/\/bon.de\/en\/product\/heine-beta-200-led-skiaskopkopf-mit-parastop-3-5v-2\/#breadcrumb","itemListElement":[{"@type":"ListItem","position":1,"name":"Home","item":"https:\/\/bon.de\/en\/"},{"@type":"ListItem","position":2,"name":"Shop","item":"https:\/\/bon.de\/en\/shop-2-2\/"},{"@type":"ListItem","position":3,"name":"Heine Beta 200 LED Skiaskopkopf mit Parastop 3,5V"}]},{"@type":"WebSite","@id":"https:\/\/bon.de\/#website","url":"https:\/\/bon.de\/","name":"bon Optic - Partner auf Augenh\u00f6he","description":"","publisher":{"@id":"https:\/\/bon.de\/#organization"},"potentialAction":[{"@type":"SearchAction","target":{"@type":"EntryPoint","urlTemplate":"https:\/\/bon.de\/?s={search_term_string}"},"query-input":{"@type":"PropertyValueSpecification","valueRequired":true,"valueName":"search_term_string"}}],"inLanguage":"en-US"},{"@type":"Organization","@id":"https:\/\/bon.de\/#organization","name":"bon Optic Vertriebsgesellschaft mbH","url":"https:\/\/bon.de\/","logo":{"@type":"ImageObject","inLanguage":"en-US","@id":"https:\/\/bon.de\/#\/schema\/logo\/image\/","url":"https:\/\/bon.de\/wp-content\/uploads\/2021\/06\/bon-Logo_512x512px.png","contentUrl":"https:\/\/bon.de\/wp-content\/uploads\/2021\/06\/bon-Logo_512x512px.png","width":512,"height":512,"caption":"bon Optic Vertriebsgesellschaft mbH"},"image":{"@id":"https:\/\/bon.de\/#\/schema\/logo\/image\/"},"sameAs":["https:\/\/www.linkedin.com\/company\/bon-optic-vertriebsgesellschaft-mbh\/","https:\/\/www.youtube.com\/channel\/UCSURhENDItKaH88bvn8LlcA"]}]}},"_links":{"self":[{"href":"https:\/\/bon.de\/en\/wp-json\/wp\/v2\/product\/4725","targetHints":{"allow":["GET"]}}],"collection":[{"href":"https:\/\/bon.de\/en\/wp-json\/wp\/v2\/product"}],"about":[{"href":"https:\/\/bon.de\/en\/wp-json\/wp\/v2\/types\/product"}],"replies":[{"embeddable":true,"href":"https:\/\/bon.de\/en\/wp-json\/wp\/v2\/comments?post=4725"}],"wp:featuredmedia":[{"embeddable":true,"href":"https:\/\/bon.de\/en\/wp-json\/wp\/v2\/media\/4726"}],"wp:attachment":[{"href":"https:\/\/bon.de\/en\/wp-json\/wp\/v2\/media?parent=4725"}],"wp:term":[{"taxonomy":"product_manufacturers","embeddable":true,"href":"https:\/\/bon.de\/en\/wp-json\/wp\/v2\/product_manufacturers?post=4725"},{"taxonomy":"product_brand","embeddable":true,"href":"https:\/\/bon.de\/en\/wp-json\/wp\/v2\/product_brand?post=4725"},{"taxonomy":"product_cat","embeddable":true,"href":"https:\/\/bon.de\/en\/wp-json\/wp\/v2\/product_cat?post=4725"},{"taxonomy":"product_tag","embeddable":true,"href":"https:\/\/bon.de\/en\/wp-json\/wp\/v2\/product_tag?post=4725"}],"curies":[{"name":"wp","href":"https:\/\/api.w.org\/{rel}","templated":true}]}}