{"id":4778,"date":"2021-03-31T09:26:38","date_gmt":"2021-03-31T09:26:38","guid":{"rendered":"https:\/\/bon.de\/?post_type=product&#038;p=4778"},"modified":"2023-10-25T08:02:51","modified_gmt":"2023-10-25T07:02:51","slug":"icare-home-tonometer-for-home-use-by-glaucoma-patients-2","status":"publish","type":"product","link":"https:\/\/bon.de\/en\/product\/icare-home-tonometer-for-home-use-by-glaucoma-patients-2\/","title":{"rendered":"iCare HOME2 tonometer for home use by glaucoma patients"},"content":{"rendered":"<p>The iCare HOME tonometer has been used for many years by thousands of patients for IOP measurement. \u2013 the portable design allows convenient and precise measurements at home in familiar surroundings.<\/p>\n<p>The iCare Home\u00a0 tonometer has established \u00a0a proven track record over a number of years.The newly released iCare HOME2 model is a groundbreaking next generation model with many improved features. iCare have listened to all the feedback from the user community. Many of their wishes \u00a0have been implemented in this improved design. Such as the new integrated display, whereby you the doctor can decide which data the patient should see , be it the actual \u00a0measured values or simply an indication of the \u00a0quality measurement quality.<\/p>\n<p>The new device is much easier to use and allows flexible measurement in any position, even lying down. This is a great new feature.<\/p>\n<p>The iCare CLINIC software is the heart of the device and delivers the encrypted data collected from the patient directly to your workstation.<\/p>\n<p>iCare IOP Measurement.<\/p>\n<div class=\"brlbs-cmpnt-container brlbs-cmpnt-content-blocker brlbs-cmpnt-with-individual-styles\" data-borlabs-cookie-content-blocker-id=\"youtube-content-blocker\" data-borlabs-cookie-content=\"PGlmcmFtZSB0aXRsZT0iWW91VHViZSB2aWRlbyBwbGF5ZXIiIHNyYz0iaHR0cHM6Ly93d3cueW91dHViZS1ub2Nvb2tpZS5jb20vZW1iZWQvdzAtWXlRRTd0M2s\/bW9kZXN0YnJhbmRpbmc9MSZhbXA7c2hvd2luZm89MCZhbXA7cmVsPTAiIHdpZHRoPSI1NjAiIGhlaWdodD0iMzE1IiBmcmFtZWJvcmRlcj0iMCIgYWxsb3dmdWxsc2NyZWVuPSJhbGxvd2Z1bGxzY3JlZW4iPjwvaWZyYW1lPg==\">\n<div class=\"brlbs-cmpnt-cb-preset-c brlbs-cmpnt-cb-youtube\">\n<div class=\"brlbs-cmpnt-cb-thumbnail\" style=\"background-image: url('https:\/\/bon.de\/wp-content\/uploads\/borlabs-cookie\/1\/yt_w0-YyQE7t3k_hqdefault.jpg')\"><\/div>\n<div class=\"brlbs-cmpnt-cb-main\">\n<div class=\"brlbs-cmpnt-cb-play-button\"><\/div>\n<div class=\"brlbs-cmpnt-cb-content\">\n<p class=\"brlbs-cmpnt-cb-description\">You are currently viewing a placeholder content from <strong>YouTube<\/strong>. To access the actual content, click the button below. Please note that doing so will share data with third-party providers.<\/p>\n<p> <a class=\"brlbs-cmpnt-cb-provider-toggle\" href=\"#\" data-borlabs-cookie-show-provider-information role=\"button\">More Information<\/a> <\/div>\n<div class=\"brlbs-cmpnt-cb-buttons\"> <a class=\"brlbs-cmpnt-cb-btn\" href=\"#\" data-borlabs-cookie-unblock role=\"button\">Unblock content<\/a> <a class=\"brlbs-cmpnt-cb-btn\" href=\"#\" data-borlabs-cookie-accept-service role=\"button\" style=\"display: inherit\">Accept required service and unblock content<\/a> <\/div><\/div><\/div>\n<\/div>\n<h4><\/h4>\n<h4>Information for patients<\/h4>\n<p>On the website <a href=\"http:\/\/www.augendruck.com\">www.augendruck.com<\/a> you will find detailed patient information about glaucoma and self-measurement with the iCare Home.<\/p>\n<p>For scientific publications on the rebound principle and especially on the iCare instruments click <a href=\"\/scientific-papers\">HERE<\/a>.<\/p>\n<p>Please note: iCare products can only be sold by bon Optic within Germany!<\/p>\n","protected":false},"excerpt":{"rendered":"<p>The iCare HOME tonometer has been used for many years by thousands of patients for IOP measurement. \u2013 the portable design allows convenient and precise measurements at home in familiar surroundings. The iCare Home\u00a0 tonometer has established \u00a0a proven track record over a number of years.The newly released iCare HOME2 model is a groundbreaking next [&hellip;]<\/p>\n","protected":false},"featured_media":4779,"comment_status":"open","ping_status":"closed","template":"","meta":{"_acf_changed":false,"inline_featured_image":false},"product_manufacturers":[462],"product_brand":[],"product_cat":[263,269],"product_tag":[],"class_list":{"0":"post-4778","1":"product","2":"type-product","3":"status-publish","4":"has-post-thumbnail","6":"product_cat-glaucoma-iop","7":"product_cat-icare-tonometer-5","9":"first","10":"instock","11":"taxable","12":"shipping-taxable","13":"product-type-simple"},"acf":[],"yoast_head":"<!-- This site is optimized with the Yoast SEO plugin v27.0 - https:\/\/yoast.com\/product\/yoast-seo-wordpress\/ -->\n<title>Icare HOME Selbsttonometer f\u00fcr Glaukompatienten<\/title>\n<meta name=\"description\" content=\"Das Rebound-Tonometer &quot;Icare HOME&quot; wurde speziell entwickelt f\u00fcr Glaukom-Patienten, die regelm\u00e4\u00dfige Kontroll-Messungen ihres Augeninnenrucks ben\u00f6tigen. Dank der Selbstmessung zu Hause erh\u00e4lt der Augenarzt ein l\u00fcckenloses Tensioprofil.\" \/>\n<meta name=\"robots\" content=\"index, follow, max-snippet:-1, max-image-preview:large, max-video-preview:-1\" \/>\n<link rel=\"canonical\" href=\"https:\/\/bon.de\/en\/product\/icare-home-tonometer-for-home-use-by-glaucoma-patients-2\/\" \/>\n<meta property=\"og:locale\" content=\"en_US\" \/>\n<meta property=\"og:type\" content=\"article\" \/>\n<meta property=\"og:title\" content=\"Icare HOME Selbsttonometer f\u00fcr Glaukompatienten\" \/>\n<meta property=\"og:description\" content=\"Das Rebound-Tonometer &quot;Icare HOME&quot; wurde speziell entwickelt f\u00fcr Glaukom-Patienten, die regelm\u00e4\u00dfige Kontroll-Messungen ihres Augeninnenrucks ben\u00f6tigen. Dank der Selbstmessung zu Hause erh\u00e4lt der Augenarzt ein l\u00fcckenloses Tensioprofil.\" \/>\n<meta property=\"og:url\" content=\"https:\/\/bon.de\/en\/product\/icare-home-tonometer-for-home-use-by-glaucoma-patients-2\/\" \/>\n<meta property=\"og:site_name\" content=\"bon Optic - Partner auf Augenh\u00f6he\" \/>\n<meta property=\"article:modified_time\" content=\"2023-10-25T07:02:51+00:00\" \/>\n<meta property=\"og:image\" content=\"https:\/\/bon.de\/wp-content\/uploads\/2021\/03\/products-icare-home2-measuring-1.png\" \/>\n\t<meta property=\"og:image:width\" content=\"1080\" \/>\n\t<meta property=\"og:image:height\" content=\"1080\" \/>\n\t<meta property=\"og:image:type\" content=\"image\/jpeg\" \/>\n<meta name=\"twitter:card\" content=\"summary_large_image\" \/>\n<meta name=\"twitter:label1\" content=\"Est. reading time\" \/>\n\t<meta name=\"twitter:data1\" content=\"2 minutes\" \/>\n<script type=\"application\/ld+json\" class=\"yoast-schema-graph\">{\"@context\":\"https:\/\/schema.org\",\"@graph\":[{\"@type\":\"WebPage\",\"@id\":\"https:\/\/bon.de\/en\/product\/icare-home-tonometer-for-home-use-by-glaucoma-patients-2\/\",\"url\":\"https:\/\/bon.de\/en\/product\/icare-home-tonometer-for-home-use-by-glaucoma-patients-2\/\",\"name\":\"Icare HOME Selbsttonometer f\u00fcr Glaukompatienten\",\"isPartOf\":{\"@id\":\"https:\/\/bon.de\/#website\"},\"primaryImageOfPage\":{\"@id\":\"https:\/\/bon.de\/en\/product\/icare-home-tonometer-for-home-use-by-glaucoma-patients-2\/#primaryimage\"},\"image\":{\"@id\":\"https:\/\/bon.de\/en\/product\/icare-home-tonometer-for-home-use-by-glaucoma-patients-2\/#primaryimage\"},\"thumbnailUrl\":\"https:\/\/bon.de\/wp-content\/uploads\/2021\/03\/products-icare-home2-measuring-1.png\",\"datePublished\":\"2021-03-31T09:26:38+00:00\",\"dateModified\":\"2023-10-25T07:02:51+00:00\",\"description\":\"Das Rebound-Tonometer \\\"Icare HOME\\\" wurde speziell entwickelt f\u00fcr Glaukom-Patienten, die regelm\u00e4\u00dfige Kontroll-Messungen ihres Augeninnenrucks ben\u00f6tigen. Dank der Selbstmessung zu Hause erh\u00e4lt der Augenarzt ein l\u00fcckenloses Tensioprofil.\",\"breadcrumb\":{\"@id\":\"https:\/\/bon.de\/en\/product\/icare-home-tonometer-for-home-use-by-glaucoma-patients-2\/#breadcrumb\"},\"inLanguage\":\"en-US\",\"potentialAction\":[{\"@type\":\"ReadAction\",\"target\":[\"https:\/\/bon.de\/en\/product\/icare-home-tonometer-for-home-use-by-glaucoma-patients-2\/\"]}]},{\"@type\":\"ImageObject\",\"inLanguage\":\"en-US\",\"@id\":\"https:\/\/bon.de\/en\/product\/icare-home-tonometer-for-home-use-by-glaucoma-patients-2\/#primaryimage\",\"url\":\"https:\/\/bon.de\/wp-content\/uploads\/2021\/03\/products-icare-home2-measuring-1.png\",\"contentUrl\":\"https:\/\/bon.de\/wp-content\/uploads\/2021\/03\/products-icare-home2-measuring-1.png\",\"width\":1080,\"height\":1080,\"caption\":\"iCare HOME2 - das Selbsttonometer f\u00fcr Glaukompatienten\"},{\"@type\":\"BreadcrumbList\",\"@id\":\"https:\/\/bon.de\/en\/product\/icare-home-tonometer-for-home-use-by-glaucoma-patients-2\/#breadcrumb\",\"itemListElement\":[{\"@type\":\"ListItem\",\"position\":1,\"name\":\"Home\",\"item\":\"https:\/\/bon.de\/en\/\"},{\"@type\":\"ListItem\",\"position\":2,\"name\":\"Shop\",\"item\":\"https:\/\/bon.de\/en\/shop-2-2\/\"},{\"@type\":\"ListItem\",\"position\":3,\"name\":\"iCare HOME2 tonometer for home use by glaucoma patients\"}]},{\"@type\":\"WebSite\",\"@id\":\"https:\/\/bon.de\/#website\",\"url\":\"https:\/\/bon.de\/\",\"name\":\"bon Optic - Partner auf Augenh\u00f6he\",\"description\":\"\",\"publisher\":{\"@id\":\"https:\/\/bon.de\/#organization\"},\"potentialAction\":[{\"@type\":\"SearchAction\",\"target\":{\"@type\":\"EntryPoint\",\"urlTemplate\":\"https:\/\/bon.de\/?s={search_term_string}\"},\"query-input\":{\"@type\":\"PropertyValueSpecification\",\"valueRequired\":true,\"valueName\":\"search_term_string\"}}],\"inLanguage\":\"en-US\"},{\"@type\":\"Organization\",\"@id\":\"https:\/\/bon.de\/#organization\",\"name\":\"bon Optic Vertriebsgesellschaft mbH\",\"url\":\"https:\/\/bon.de\/\",\"logo\":{\"@type\":\"ImageObject\",\"inLanguage\":\"en-US\",\"@id\":\"https:\/\/bon.de\/#\/schema\/logo\/image\/\",\"url\":\"https:\/\/bon.de\/wp-content\/uploads\/2021\/06\/bon-Logo_512x512px.png\",\"contentUrl\":\"https:\/\/bon.de\/wp-content\/uploads\/2021\/06\/bon-Logo_512x512px.png\",\"width\":512,\"height\":512,\"caption\":\"bon Optic Vertriebsgesellschaft mbH\"},\"image\":{\"@id\":\"https:\/\/bon.de\/#\/schema\/logo\/image\/\"},\"sameAs\":[\"https:\/\/www.linkedin.com\/company\/bon-optic-vertriebsgesellschaft-mbh\/\",\"https:\/\/www.youtube.com\/channel\/UCSURhENDItKaH88bvn8LlcA\"]}]}<\/script>\n<!-- \/ Yoast SEO plugin. -->","yoast_head_json":{"title":"Icare HOME Selbsttonometer f\u00fcr Glaukompatienten","description":"Das Rebound-Tonometer \"Icare HOME\" wurde speziell entwickelt f\u00fcr Glaukom-Patienten, die regelm\u00e4\u00dfige Kontroll-Messungen ihres Augeninnenrucks ben\u00f6tigen. Dank der Selbstmessung zu Hause erh\u00e4lt der Augenarzt ein l\u00fcckenloses Tensioprofil.","robots":{"index":"index","follow":"follow","max-snippet":"max-snippet:-1","max-image-preview":"max-image-preview:large","max-video-preview":"max-video-preview:-1"},"canonical":"https:\/\/bon.de\/en\/product\/icare-home-tonometer-for-home-use-by-glaucoma-patients-2\/","og_locale":"en_US","og_type":"article","og_title":"Icare HOME Selbsttonometer f\u00fcr Glaukompatienten","og_description":"Das Rebound-Tonometer \"Icare HOME\" wurde speziell entwickelt f\u00fcr Glaukom-Patienten, die regelm\u00e4\u00dfige Kontroll-Messungen ihres Augeninnenrucks ben\u00f6tigen. Dank der Selbstmessung zu Hause erh\u00e4lt der Augenarzt ein l\u00fcckenloses Tensioprofil.","og_url":"https:\/\/bon.de\/en\/product\/icare-home-tonometer-for-home-use-by-glaucoma-patients-2\/","og_site_name":"bon Optic - Partner auf Augenh\u00f6he","article_modified_time":"2023-10-25T07:02:51+00:00","og_image":[{"width":1080,"height":1080,"url":"https:\/\/bon.de\/wp-content\/uploads\/2021\/03\/products-icare-home2-measuring-1.png","type":"image\/jpeg"}],"twitter_card":"summary_large_image","twitter_misc":{"Est. reading time":"2 minutes"},"schema":{"@context":"https:\/\/schema.org","@graph":[{"@type":"WebPage","@id":"https:\/\/bon.de\/en\/product\/icare-home-tonometer-for-home-use-by-glaucoma-patients-2\/","url":"https:\/\/bon.de\/en\/product\/icare-home-tonometer-for-home-use-by-glaucoma-patients-2\/","name":"Icare HOME Selbsttonometer f\u00fcr Glaukompatienten","isPartOf":{"@id":"https:\/\/bon.de\/#website"},"primaryImageOfPage":{"@id":"https:\/\/bon.de\/en\/product\/icare-home-tonometer-for-home-use-by-glaucoma-patients-2\/#primaryimage"},"image":{"@id":"https:\/\/bon.de\/en\/product\/icare-home-tonometer-for-home-use-by-glaucoma-patients-2\/#primaryimage"},"thumbnailUrl":"https:\/\/bon.de\/wp-content\/uploads\/2021\/03\/products-icare-home2-measuring-1.png","datePublished":"2021-03-31T09:26:38+00:00","dateModified":"2023-10-25T07:02:51+00:00","description":"Das Rebound-Tonometer \"Icare HOME\" wurde speziell entwickelt f\u00fcr Glaukom-Patienten, die regelm\u00e4\u00dfige Kontroll-Messungen ihres Augeninnenrucks ben\u00f6tigen. Dank der Selbstmessung zu Hause erh\u00e4lt der Augenarzt ein l\u00fcckenloses Tensioprofil.","breadcrumb":{"@id":"https:\/\/bon.de\/en\/product\/icare-home-tonometer-for-home-use-by-glaucoma-patients-2\/#breadcrumb"},"inLanguage":"en-US","potentialAction":[{"@type":"ReadAction","target":["https:\/\/bon.de\/en\/product\/icare-home-tonometer-for-home-use-by-glaucoma-patients-2\/"]}]},{"@type":"ImageObject","inLanguage":"en-US","@id":"https:\/\/bon.de\/en\/product\/icare-home-tonometer-for-home-use-by-glaucoma-patients-2\/#primaryimage","url":"https:\/\/bon.de\/wp-content\/uploads\/2021\/03\/products-icare-home2-measuring-1.png","contentUrl":"https:\/\/bon.de\/wp-content\/uploads\/2021\/03\/products-icare-home2-measuring-1.png","width":1080,"height":1080,"caption":"iCare HOME2 - das Selbsttonometer f\u00fcr Glaukompatienten"},{"@type":"BreadcrumbList","@id":"https:\/\/bon.de\/en\/product\/icare-home-tonometer-for-home-use-by-glaucoma-patients-2\/#breadcrumb","itemListElement":[{"@type":"ListItem","position":1,"name":"Home","item":"https:\/\/bon.de\/en\/"},{"@type":"ListItem","position":2,"name":"Shop","item":"https:\/\/bon.de\/en\/shop-2-2\/"},{"@type":"ListItem","position":3,"name":"iCare HOME2 tonometer for home use by glaucoma patients"}]},{"@type":"WebSite","@id":"https:\/\/bon.de\/#website","url":"https:\/\/bon.de\/","name":"bon Optic - Partner auf Augenh\u00f6he","description":"","publisher":{"@id":"https:\/\/bon.de\/#organization"},"potentialAction":[{"@type":"SearchAction","target":{"@type":"EntryPoint","urlTemplate":"https:\/\/bon.de\/?s={search_term_string}"},"query-input":{"@type":"PropertyValueSpecification","valueRequired":true,"valueName":"search_term_string"}}],"inLanguage":"en-US"},{"@type":"Organization","@id":"https:\/\/bon.de\/#organization","name":"bon Optic Vertriebsgesellschaft mbH","url":"https:\/\/bon.de\/","logo":{"@type":"ImageObject","inLanguage":"en-US","@id":"https:\/\/bon.de\/#\/schema\/logo\/image\/","url":"https:\/\/bon.de\/wp-content\/uploads\/2021\/06\/bon-Logo_512x512px.png","contentUrl":"https:\/\/bon.de\/wp-content\/uploads\/2021\/06\/bon-Logo_512x512px.png","width":512,"height":512,"caption":"bon Optic Vertriebsgesellschaft mbH"},"image":{"@id":"https:\/\/bon.de\/#\/schema\/logo\/image\/"},"sameAs":["https:\/\/www.linkedin.com\/company\/bon-optic-vertriebsgesellschaft-mbh\/","https:\/\/www.youtube.com\/channel\/UCSURhENDItKaH88bvn8LlcA"]}]}},"_links":{"self":[{"href":"https:\/\/bon.de\/en\/wp-json\/wp\/v2\/product\/4778","targetHints":{"allow":["GET"]}}],"collection":[{"href":"https:\/\/bon.de\/en\/wp-json\/wp\/v2\/product"}],"about":[{"href":"https:\/\/bon.de\/en\/wp-json\/wp\/v2\/types\/product"}],"replies":[{"embeddable":true,"href":"https:\/\/bon.de\/en\/wp-json\/wp\/v2\/comments?post=4778"}],"wp:featuredmedia":[{"embeddable":true,"href":"https:\/\/bon.de\/en\/wp-json\/wp\/v2\/media\/4779"}],"wp:attachment":[{"href":"https:\/\/bon.de\/en\/wp-json\/wp\/v2\/media?parent=4778"}],"wp:term":[{"taxonomy":"product_manufacturers","embeddable":true,"href":"https:\/\/bon.de\/en\/wp-json\/wp\/v2\/product_manufacturers?post=4778"},{"taxonomy":"product_brand","embeddable":true,"href":"https:\/\/bon.de\/en\/wp-json\/wp\/v2\/product_brand?post=4778"},{"taxonomy":"product_cat","embeddable":true,"href":"https:\/\/bon.de\/en\/wp-json\/wp\/v2\/product_cat?post=4778"},{"taxonomy":"product_tag","embeddable":true,"href":"https:\/\/bon.de\/en\/wp-json\/wp\/v2\/product_tag?post=4778"}],"curies":[{"name":"wp","href":"https:\/\/api.w.org\/{rel}","templated":true}]}}