{"id":8155,"date":"2023-02-22T16:38:59","date_gmt":"2023-02-22T14:38:59","guid":{"rendered":"https:\/\/bon.de\/?post_type=product&#038;p=8155"},"modified":"2025-12-09T13:14:57","modified_gmt":"2025-12-09T12:14:57","slug":"trukera-scoutpro-fuer-schnelle-und-einfache-ermittlung-der-osmolaritaet-des-traenenfilms","status":"publish","type":"product","link":"https:\/\/bon.de\/en\/produkt\/trukera-scoutpro-fuer-schnelle-und-einfache-ermittlung-der-osmolaritaet-des-traenenfilms\/","title":{"rendered":"Trukera ScoutPro &#8211; Das mobile Tr\u00e4nenfilmlabor f\u00fcr schnelle und einfache Ermittlung der Osmolarit\u00e4t"},"content":{"rendered":"<h4>Ihr Tr\u00e4nenfilmlabor in der Kitteltasche.<\/h4>\n<p>Das ScoutPro entdeckt Hyperosmolarit\u00e4t sicher und schnell.<\/p>\n<p>&nbsp;<\/p>\n<h4>Die Kontrolle der Osmolarit\u00e4t liegt jetzt in Ihrer Hand.<\/h4>\n<p>ScoutPro ist das erste und einzige handlich mobile und zugleich pr\u00e4zise Osmolarit\u00e4tssystem.<\/p>\n<p>&nbsp;<\/p>\n<h4>mobile Messungen mit sofortigen Ergebnissen<\/h4>\n<p>Dank der patentierten VeriLyte(TM) Technologie von Trukera erfolgen sowohl die Probenentnahme als auch die Analyse ganz bequem mit demselben Handger\u00e4t.<br \/>\nSie brauchen nicht mehr f\u00fcr die Ergebnisse zu einer Auswertungsstation laufen oder die Probe gar in ein Labor schicken.<\/p>\n<p>Der Clou: Das ScoutPro passt bequem in Ihre Kitteltasche. Sie k\u00f6nnen es jederzeit direkt zum Patienten mitnehmen. Es muss nur abends wieder in die Ladestation gestellt werden.<\/p>\n<p>&nbsp;<\/p>\n<h4>Kennen Sie die Osmolarit\u00e4t Ihrer Katarakt-Patienten?<\/h4>\n<p>Toxische Hyperosmolarit\u00e4t sch\u00e4digt die Hornhautzellen und f\u00f6rdert refraktive \u00dcberraschungen.<br \/>\n80% der Katarakt-Patienten unterliegen einem erh\u00f6hten Risiko f\u00fcr St\u00f6rungen der Augenoberfl\u00e4che. (2)<br \/>\nHyperosmolarit\u00e4t ist ein wesentlicher Faktor, der zu Auff\u00e4lligkeiten bei der Spaltlampenuntersuchung f\u00fchrt. (1)<br \/>\nDoch die Spaltlampe zeigt Ihnen nicht das ganze Bild.<br \/>\nEin pr\u00e4operativer Osmolarit\u00e4tstest kann Ihnen dabei helfen, Risikopatienten rechtzeitig zu identifizieren.<\/p>\n<p>Bei fast jedem 5. Patienten mit Hyperosmolarit\u00e4t liegt die Variabilit\u00e4t der Keratometriemessungen bei \u00fcber 1 Dioptrien. (3)<\/p>\n<p>&nbsp;<\/p>\n<h4>klare Ergebnisse f\u00fcr eindeutige Diagnosen<\/h4>\n<p>Verlassen Sie sich immer noch auf L\u00f6schpapierstreifen?<\/p>\n<p>Das ScoutPro zeigt Ihnen wenige Sekunden nach der Probenentnahme direkt auf dem Display exakte Werte zur Osmolarit\u00e4t an.<br \/>\nDie jeweils letzten Ergebnisse werden automatisch gespeichert.<\/p>\n<p>&nbsp;<\/p>\n<h4>h\u00f6chste Verl\u00e4sslichkeit<\/h4>\n<p>Das ScoutPro liefert Ihnen hochpr\u00e4zise und jederzeit reproduzierbare Ergebnisse. Es verspricht 95% analytische Genauigkeit im Vergleich zu einem Labor-Osmometer bei einem Abweichungskoeffizienten von nur 1,5%. (4)<\/p>\n<p>&nbsp;<\/p>\n<h4>einfache Anwendung, hohe Compliance<\/h4>\n<p>Die Probenentnahme erfolgt schnell und einfach aus dem Tr\u00e4nenmeniskus. Dem ScoutPro gen\u00fcgen f\u00fcr die Analyse bereits wenige Nanoliter Tr\u00e4nenfl\u00fcssigkeit. Dadurch l\u00e4sst sich auch von<br \/>\ndem trockensten Auge eine auswertbare Probe entnehmen.<\/p>\n<p>&nbsp;<\/p>\n<h4>bew\u00e4hrte Messtechnologie<\/h4>\n<p>Das ScoutPro verwendet die gleichen praktischen Einweg-Testchips wie sein Vorg\u00e4nger, das &#8220;TearLab&#8221;.<br \/>\nDas Verfahren des &#8220;Labors auf dem Chip&#8221; hat sich bereits mit 25 Millionen Messungen in \u00fcber zehn Jahren bewiesen.<br \/>\nWenn Sie die Osmolarit\u00e4t Ihrer Patienten also bereits mit einem &#8220;TearLab&#8221; messen, k\u00f6nnen Sie Ihre vorhandenen Testchips einfach mit dem ScoutPro weiter verwenden.<\/p>\n<p>&nbsp;<\/p>\n<h4>nie wieder zu warm oder zu kalt<\/h4>\n<p>Das ScoutPro besitzt einen integrierten Temperatursensor.<br \/>\nDie Umgebungstemperatur wird damit in die Analyse einbezogen.<br \/>\nDiese Funktion garantiert besonders verl\u00e4ssliche Werte &#8211; egal ob Ihr Untersuchungsraum 15\u00b0 oder 30\u00b0 Celsius hat.<\/p>\n<p>&nbsp;<\/p>\n<h4>Die Bedeutung der Hornhautqualit\u00e4t f\u00fcr den chirurgischen Erfolg<\/h4>\n<p>Die Auswirkungen von DED und OSD auf Topographie, Biometrie, Keratometrie, und Aberrationen h\u00f6herer Ordnung ist eine der Hauptursachen f\u00fcr unbefriedigende postoperative Ergebnisse.<\/p>\n<ul>\n<li>Die Qualit\u00e4t der Hornhaut kann sich erheblich auf Ihre chirurgische Ergebnisse auswirken. (7)<\/li>\n<li>Toxische Hyperosmolarit\u00e4t sch\u00e4digt Hornhautzellen und f\u00fchrt zu einem instabilen Brechungsverhalten. (8)(9)<\/li>\n<li>Hyperosmolare Tr\u00e4nenfilminstabilit\u00e4t wirkt sich auf die pr\u00e4operative Keratometrie aus (3)<\/li>\n<li>Durch ungenaue IOL-Berechnungen entstehen Refraktive \u00dcberraschungen (3)<\/li>\n<\/ul>\n<p>&nbsp;<\/p>\n<h4>Der Osmolarit\u00e4ts-Check vor jedem refraktiven Eingriff<\/h4>\n<p>Eine verl\u00e4ssliche Keratometrie ist Voraussetzung f\u00fcr eine genaue Berechnung der IOL-St\u00e4rke.<br \/>\nHyperosmolarit\u00e4t beeintr\u00e4chtigt die Reproduzierbarkeit der pr\u00e4operativen Keratometriewerte und die Berechnung der IOL-Werte, was den chirurgischen Erfolg beeinflusst.(3)<br \/>\nKontrollieren Sie daher die Osmolarit\u00e4t in der pr\u00e4operativen Phase um beste Ergebnisse zu erzielen! (7)<\/p>\n<p>&nbsp;<\/p>\n<h4>Quellen &amp; Referenzen<\/h4>\n<p>(1) Wolffsohn JS, et al. Ocul Surf. 2017;15(3):539-574.<br \/>\n(2) Gupta PK, et al. J Cataract Refract Surg. 2018; 44(9):1090-1096.<br \/>\n(3) Epitropoulos AT, et al. J Cataract Refract Surg. 2015;41:1672-1677.<br \/>\n(4) FDA K083184. CV: from within run CV@316mOsm\/L; r2 from<br \/>\nexternal method comparison.<br \/>\n(5) Starr CE, et al. J Cataract Refract Surg. 2019. 45(5):669-684.<br \/>\n(6) Kimberly MM, et al. Clin Chim Acta. 2006;364(1-2):292-7.<br \/>\n(7) Schechter B and Mah F, Ophthalmology and Therapy. 2022. 11(3):1001-1015.<br \/>\n(8) Hirata H, et al. Invest Ophthalmol Vis Sci. 2015. 56(13):8125-40.<br \/>\n(9) Huet E, et al. Am J Pathol. 2011. 179(3): 1278-86.<\/p>\n<p>&nbsp;<\/p>\n<h4>Wissenschaftliche Fachartikel zur Osmolarit\u00e4t<\/h4>\n<p>sowie zur Messung mit dem ScoutPro und dem Vorg\u00e4ngermodell TearLab finden Sie auch hier: <a href=\"https:\/\/bon.de\/fachpublikationen\/\">(Folgen Sie einfach diesem Link.) <\/a><\/p>\n","protected":false},"excerpt":{"rendered":"<p>Ihr Tr\u00e4nenfilmlabor in der Kitteltasche. Das ScoutPro entdeckt Hyperosmolarit\u00e4t sicher und schnell. &nbsp; Die Kontrolle der Osmolarit\u00e4t liegt jetzt in Ihrer Hand. ScoutPro ist das erste und einzige handlich mobile und zugleich pr\u00e4zise Osmolarit\u00e4tssystem. &nbsp; mobile Messungen mit sofortigen Ergebnissen Dank der patentierten VeriLyte(TM) Technologie von Trukera erfolgen sowohl die Probenentnahme als auch die Analyse [&hellip;]<\/p>\n","protected":false},"featured_media":8158,"comment_status":"closed","ping_status":"closed","template":"","meta":{"_acf_changed":false,"inline_featured_image":false},"product_manufacturers":[456],"product_brand":[],"product_cat":[244,453,288,290],"product_tag":[550,553,549,547,552,548,551],"class_list":{"0":"post-8155","1":"product","2":"type-product","3":"status-publish","4":"has-post-thumbnail","6":"product_cat-hornhaut","7":"product_cat-trockenes-auge-3","8":"product_cat-trockenes-auge","9":"product_cat-tranenfilmanalyse","10":"product_tag-dryeye","11":"product_tag-meibomdruesen","12":"product_tag-osmolaritaet","13":"product_tag-scoutpro","14":"product_tag-sicca","15":"product_tag-tearlab","16":"product_tag-trockenes-auge","17":"pa_european-authorized-represen-emergo-europe-prinsessingracht-20-2514-ap-the-hague-netherlands","19":"first","20":"instock","21":"taxable","22":"shipping-taxable","23":"product-type-simple"},"acf":[],"yoast_head":"<!-- This site is optimized with the Yoast SEO plugin v27.0 - https:\/\/yoast.com\/product\/yoast-seo-wordpress\/ -->\n<title>Trukera ScoutPro - Das mobile Tr\u00e4nenfilmlabor f\u00fcr schnelle und einfache Ermittlung der Osmolarit\u00e4t - bon Optic - Partner auf Augenh\u00f6he<\/title>\n<meta name=\"robots\" content=\"index, follow, max-snippet:-1, max-image-preview:large, max-video-preview:-1\" \/>\n<link rel=\"canonical\" href=\"https:\/\/bon.de\/produkt\/trukera-scoutpro-fuer-schnelle-und-einfache-ermittlung-der-osmolaritaet-des-traenenfilms\/\" \/>\n<meta property=\"og:locale\" content=\"en_US\" \/>\n<meta property=\"og:type\" content=\"article\" \/>\n<meta property=\"og:title\" content=\"Trukera ScoutPro - Das mobile Tr\u00e4nenfilmlabor f\u00fcr schnelle und einfache Ermittlung der Osmolarit\u00e4t - bon Optic - Partner auf Augenh\u00f6he\" \/>\n<meta property=\"og:description\" content=\"Ihr Tr\u00e4nenfilmlabor in der Kitteltasche. Das ScoutPro entdeckt Hyperosmolarit\u00e4t sicher und schnell. &nbsp; Die Kontrolle der Osmolarit\u00e4t liegt jetzt in Ihrer Hand. ScoutPro ist das erste und einzige handlich mobile und zugleich pr\u00e4zise Osmolarit\u00e4tssystem. &nbsp; mobile Messungen mit sofortigen Ergebnissen Dank der patentierten VeriLyte(TM) Technologie von Trukera erfolgen sowohl die Probenentnahme als auch die Analyse [&hellip;]\" \/>\n<meta property=\"og:url\" content=\"https:\/\/bon.de\/produkt\/trukera-scoutpro-fuer-schnelle-und-einfache-ermittlung-der-osmolaritaet-des-traenenfilms\/\" \/>\n<meta property=\"og:site_name\" content=\"bon Optic - Partner auf Augenh\u00f6he\" \/>\n<meta property=\"article:modified_time\" content=\"2025-12-09T12:14:57+00:00\" \/>\n<meta property=\"og:image\" content=\"https:\/\/bon.de\/wp-content\/uploads\/2023\/02\/920379-Rev-A-ScoutPro-Sales-Aid_v0.0_R4_092222_NB_Page_2_Image_0001.jpg\" \/>\n\t<meta property=\"og:image:width\" content=\"740\" \/>\n\t<meta property=\"og:image:height\" content=\"1177\" \/>\n\t<meta property=\"og:image:type\" content=\"image\/jpeg\" \/>\n<meta name=\"twitter:card\" content=\"summary_large_image\" \/>\n<meta name=\"twitter:label1\" content=\"Est. reading time\" \/>\n\t<meta name=\"twitter:data1\" content=\"4 minutes\" \/>\n<script type=\"application\/ld+json\" class=\"yoast-schema-graph\">{\"@context\":\"https:\/\/schema.org\",\"@graph\":[{\"@type\":\"WebPage\",\"@id\":\"https:\/\/bon.de\/produkt\/trukera-scoutpro-fuer-schnelle-und-einfache-ermittlung-der-osmolaritaet-des-traenenfilms\/\",\"url\":\"https:\/\/bon.de\/produkt\/trukera-scoutpro-fuer-schnelle-und-einfache-ermittlung-der-osmolaritaet-des-traenenfilms\/\",\"name\":\"Trukera ScoutPro - Das mobile Tr\u00e4nenfilmlabor f\u00fcr schnelle und einfache Ermittlung der Osmolarit\u00e4t - bon Optic - Partner auf Augenh\u00f6he\",\"isPartOf\":{\"@id\":\"https:\/\/bon.de\/#website\"},\"primaryImageOfPage\":{\"@id\":\"https:\/\/bon.de\/produkt\/trukera-scoutpro-fuer-schnelle-und-einfache-ermittlung-der-osmolaritaet-des-traenenfilms\/#primaryimage\"},\"image\":{\"@id\":\"https:\/\/bon.de\/produkt\/trukera-scoutpro-fuer-schnelle-und-einfache-ermittlung-der-osmolaritaet-des-traenenfilms\/#primaryimage\"},\"thumbnailUrl\":\"https:\/\/bon.de\/wp-content\/uploads\/2023\/02\/920379-Rev-A-ScoutPro-Sales-Aid_v0.0_R4_092222_NB_Page_2_Image_0001.jpg\",\"datePublished\":\"2023-02-22T14:38:59+00:00\",\"dateModified\":\"2025-12-09T12:14:57+00:00\",\"breadcrumb\":{\"@id\":\"https:\/\/bon.de\/produkt\/trukera-scoutpro-fuer-schnelle-und-einfache-ermittlung-der-osmolaritaet-des-traenenfilms\/#breadcrumb\"},\"inLanguage\":\"en-US\",\"potentialAction\":[{\"@type\":\"ReadAction\",\"target\":[\"https:\/\/bon.de\/produkt\/trukera-scoutpro-fuer-schnelle-und-einfache-ermittlung-der-osmolaritaet-des-traenenfilms\/\"]}]},{\"@type\":\"ImageObject\",\"inLanguage\":\"en-US\",\"@id\":\"https:\/\/bon.de\/produkt\/trukera-scoutpro-fuer-schnelle-und-einfache-ermittlung-der-osmolaritaet-des-traenenfilms\/#primaryimage\",\"url\":\"https:\/\/bon.de\/wp-content\/uploads\/2023\/02\/920379-Rev-A-ScoutPro-Sales-Aid_v0.0_R4_092222_NB_Page_2_Image_0001.jpg\",\"contentUrl\":\"https:\/\/bon.de\/wp-content\/uploads\/2023\/02\/920379-Rev-A-ScoutPro-Sales-Aid_v0.0_R4_092222_NB_Page_2_Image_0001.jpg\",\"width\":740,\"height\":1177},{\"@type\":\"BreadcrumbList\",\"@id\":\"https:\/\/bon.de\/produkt\/trukera-scoutpro-fuer-schnelle-und-einfache-ermittlung-der-osmolaritaet-des-traenenfilms\/#breadcrumb\",\"itemListElement\":[{\"@type\":\"ListItem\",\"position\":1,\"name\":\"Home\",\"item\":\"https:\/\/bon.de\/en\/\"},{\"@type\":\"ListItem\",\"position\":2,\"name\":\"Shop\",\"item\":\"https:\/\/bon.de\/en\/shop-2-2\/\"},{\"@type\":\"ListItem\",\"position\":3,\"name\":\"Trukera ScoutPro &#8211; Das mobile Tr\u00e4nenfilmlabor f\u00fcr schnelle und einfache Ermittlung der Osmolarit\u00e4t\"}]},{\"@type\":\"WebSite\",\"@id\":\"https:\/\/bon.de\/#website\",\"url\":\"https:\/\/bon.de\/\",\"name\":\"bon Optic - Partner auf Augenh\u00f6he\",\"description\":\"\",\"publisher\":{\"@id\":\"https:\/\/bon.de\/#organization\"},\"potentialAction\":[{\"@type\":\"SearchAction\",\"target\":{\"@type\":\"EntryPoint\",\"urlTemplate\":\"https:\/\/bon.de\/?s={search_term_string}\"},\"query-input\":{\"@type\":\"PropertyValueSpecification\",\"valueRequired\":true,\"valueName\":\"search_term_string\"}}],\"inLanguage\":\"en-US\"},{\"@type\":\"Organization\",\"@id\":\"https:\/\/bon.de\/#organization\",\"name\":\"bon Optic Vertriebsgesellschaft mbH\",\"url\":\"https:\/\/bon.de\/\",\"logo\":{\"@type\":\"ImageObject\",\"inLanguage\":\"en-US\",\"@id\":\"https:\/\/bon.de\/#\/schema\/logo\/image\/\",\"url\":\"https:\/\/bon.de\/wp-content\/uploads\/2021\/06\/bon-Logo_512x512px.png\",\"contentUrl\":\"https:\/\/bon.de\/wp-content\/uploads\/2021\/06\/bon-Logo_512x512px.png\",\"width\":512,\"height\":512,\"caption\":\"bon Optic Vertriebsgesellschaft mbH\"},\"image\":{\"@id\":\"https:\/\/bon.de\/#\/schema\/logo\/image\/\"},\"sameAs\":[\"https:\/\/www.linkedin.com\/company\/bon-optic-vertriebsgesellschaft-mbh\/\",\"https:\/\/www.youtube.com\/channel\/UCSURhENDItKaH88bvn8LlcA\"]}]}<\/script>\n<!-- \/ Yoast SEO plugin. -->","yoast_head_json":{"title":"Trukera ScoutPro - Das mobile Tr\u00e4nenfilmlabor f\u00fcr schnelle und einfache Ermittlung der Osmolarit\u00e4t - bon Optic - Partner auf Augenh\u00f6he","robots":{"index":"index","follow":"follow","max-snippet":"max-snippet:-1","max-image-preview":"max-image-preview:large","max-video-preview":"max-video-preview:-1"},"canonical":"https:\/\/bon.de\/produkt\/trukera-scoutpro-fuer-schnelle-und-einfache-ermittlung-der-osmolaritaet-des-traenenfilms\/","og_locale":"en_US","og_type":"article","og_title":"Trukera ScoutPro - Das mobile Tr\u00e4nenfilmlabor f\u00fcr schnelle und einfache Ermittlung der Osmolarit\u00e4t - bon Optic - Partner auf Augenh\u00f6he","og_description":"Ihr Tr\u00e4nenfilmlabor in der Kitteltasche. Das ScoutPro entdeckt Hyperosmolarit\u00e4t sicher und schnell. &nbsp; Die Kontrolle der Osmolarit\u00e4t liegt jetzt in Ihrer Hand. ScoutPro ist das erste und einzige handlich mobile und zugleich pr\u00e4zise Osmolarit\u00e4tssystem. &nbsp; mobile Messungen mit sofortigen Ergebnissen Dank der patentierten VeriLyte(TM) Technologie von Trukera erfolgen sowohl die Probenentnahme als auch die Analyse [&hellip;]","og_url":"https:\/\/bon.de\/produkt\/trukera-scoutpro-fuer-schnelle-und-einfache-ermittlung-der-osmolaritaet-des-traenenfilms\/","og_site_name":"bon Optic - Partner auf Augenh\u00f6he","article_modified_time":"2025-12-09T12:14:57+00:00","og_image":[{"width":740,"height":1177,"url":"https:\/\/bon.de\/wp-content\/uploads\/2023\/02\/920379-Rev-A-ScoutPro-Sales-Aid_v0.0_R4_092222_NB_Page_2_Image_0001.jpg","type":"image\/jpeg"}],"twitter_card":"summary_large_image","twitter_misc":{"Est. reading time":"4 minutes"},"schema":{"@context":"https:\/\/schema.org","@graph":[{"@type":"WebPage","@id":"https:\/\/bon.de\/produkt\/trukera-scoutpro-fuer-schnelle-und-einfache-ermittlung-der-osmolaritaet-des-traenenfilms\/","url":"https:\/\/bon.de\/produkt\/trukera-scoutpro-fuer-schnelle-und-einfache-ermittlung-der-osmolaritaet-des-traenenfilms\/","name":"Trukera ScoutPro - Das mobile Tr\u00e4nenfilmlabor f\u00fcr schnelle und einfache Ermittlung der Osmolarit\u00e4t - bon Optic - Partner auf Augenh\u00f6he","isPartOf":{"@id":"https:\/\/bon.de\/#website"},"primaryImageOfPage":{"@id":"https:\/\/bon.de\/produkt\/trukera-scoutpro-fuer-schnelle-und-einfache-ermittlung-der-osmolaritaet-des-traenenfilms\/#primaryimage"},"image":{"@id":"https:\/\/bon.de\/produkt\/trukera-scoutpro-fuer-schnelle-und-einfache-ermittlung-der-osmolaritaet-des-traenenfilms\/#primaryimage"},"thumbnailUrl":"https:\/\/bon.de\/wp-content\/uploads\/2023\/02\/920379-Rev-A-ScoutPro-Sales-Aid_v0.0_R4_092222_NB_Page_2_Image_0001.jpg","datePublished":"2023-02-22T14:38:59+00:00","dateModified":"2025-12-09T12:14:57+00:00","breadcrumb":{"@id":"https:\/\/bon.de\/produkt\/trukera-scoutpro-fuer-schnelle-und-einfache-ermittlung-der-osmolaritaet-des-traenenfilms\/#breadcrumb"},"inLanguage":"en-US","potentialAction":[{"@type":"ReadAction","target":["https:\/\/bon.de\/produkt\/trukera-scoutpro-fuer-schnelle-und-einfache-ermittlung-der-osmolaritaet-des-traenenfilms\/"]}]},{"@type":"ImageObject","inLanguage":"en-US","@id":"https:\/\/bon.de\/produkt\/trukera-scoutpro-fuer-schnelle-und-einfache-ermittlung-der-osmolaritaet-des-traenenfilms\/#primaryimage","url":"https:\/\/bon.de\/wp-content\/uploads\/2023\/02\/920379-Rev-A-ScoutPro-Sales-Aid_v0.0_R4_092222_NB_Page_2_Image_0001.jpg","contentUrl":"https:\/\/bon.de\/wp-content\/uploads\/2023\/02\/920379-Rev-A-ScoutPro-Sales-Aid_v0.0_R4_092222_NB_Page_2_Image_0001.jpg","width":740,"height":1177},{"@type":"BreadcrumbList","@id":"https:\/\/bon.de\/produkt\/trukera-scoutpro-fuer-schnelle-und-einfache-ermittlung-der-osmolaritaet-des-traenenfilms\/#breadcrumb","itemListElement":[{"@type":"ListItem","position":1,"name":"Home","item":"https:\/\/bon.de\/en\/"},{"@type":"ListItem","position":2,"name":"Shop","item":"https:\/\/bon.de\/en\/shop-2-2\/"},{"@type":"ListItem","position":3,"name":"Trukera ScoutPro &#8211; Das mobile Tr\u00e4nenfilmlabor f\u00fcr schnelle und einfache Ermittlung der Osmolarit\u00e4t"}]},{"@type":"WebSite","@id":"https:\/\/bon.de\/#website","url":"https:\/\/bon.de\/","name":"bon Optic - Partner auf Augenh\u00f6he","description":"","publisher":{"@id":"https:\/\/bon.de\/#organization"},"potentialAction":[{"@type":"SearchAction","target":{"@type":"EntryPoint","urlTemplate":"https:\/\/bon.de\/?s={search_term_string}"},"query-input":{"@type":"PropertyValueSpecification","valueRequired":true,"valueName":"search_term_string"}}],"inLanguage":"en-US"},{"@type":"Organization","@id":"https:\/\/bon.de\/#organization","name":"bon Optic Vertriebsgesellschaft mbH","url":"https:\/\/bon.de\/","logo":{"@type":"ImageObject","inLanguage":"en-US","@id":"https:\/\/bon.de\/#\/schema\/logo\/image\/","url":"https:\/\/bon.de\/wp-content\/uploads\/2021\/06\/bon-Logo_512x512px.png","contentUrl":"https:\/\/bon.de\/wp-content\/uploads\/2021\/06\/bon-Logo_512x512px.png","width":512,"height":512,"caption":"bon Optic Vertriebsgesellschaft mbH"},"image":{"@id":"https:\/\/bon.de\/#\/schema\/logo\/image\/"},"sameAs":["https:\/\/www.linkedin.com\/company\/bon-optic-vertriebsgesellschaft-mbh\/","https:\/\/www.youtube.com\/channel\/UCSURhENDItKaH88bvn8LlcA"]}]}},"_links":{"self":[{"href":"https:\/\/bon.de\/en\/wp-json\/wp\/v2\/product\/8155","targetHints":{"allow":["GET"]}}],"collection":[{"href":"https:\/\/bon.de\/en\/wp-json\/wp\/v2\/product"}],"about":[{"href":"https:\/\/bon.de\/en\/wp-json\/wp\/v2\/types\/product"}],"replies":[{"embeddable":true,"href":"https:\/\/bon.de\/en\/wp-json\/wp\/v2\/comments?post=8155"}],"wp:featuredmedia":[{"embeddable":true,"href":"https:\/\/bon.de\/en\/wp-json\/wp\/v2\/media\/8158"}],"wp:attachment":[{"href":"https:\/\/bon.de\/en\/wp-json\/wp\/v2\/media?parent=8155"}],"wp:term":[{"taxonomy":"product_manufacturers","embeddable":true,"href":"https:\/\/bon.de\/en\/wp-json\/wp\/v2\/product_manufacturers?post=8155"},{"taxonomy":"product_brand","embeddable":true,"href":"https:\/\/bon.de\/en\/wp-json\/wp\/v2\/product_brand?post=8155"},{"taxonomy":"product_cat","embeddable":true,"href":"https:\/\/bon.de\/en\/wp-json\/wp\/v2\/product_cat?post=8155"},{"taxonomy":"product_tag","embeddable":true,"href":"https:\/\/bon.de\/en\/wp-json\/wp\/v2\/product_tag?post=8155"}],"curies":[{"name":"wp","href":"https:\/\/api.w.org\/{rel}","templated":true}]}}