{"id":9101,"date":"2024-01-02T16:22:25","date_gmt":"2024-01-02T15:22:25","guid":{"rendered":"https:\/\/bon.de\/?post_type=product&#038;p=9101"},"modified":"2024-01-24T09:30:52","modified_gmt":"2024-01-24T08:30:52","slug":"optovue-iscan-80-das-vollautomatische-oct-mit-touchscreen-und-deutscher-sprachausgabe","status":"publish","type":"product","link":"https:\/\/bon.de\/en\/produkt\/optovue-iscan-80-das-vollautomatische-oct-mit-touchscreen-und-deutscher-sprachausgabe\/","title":{"rendered":"Optovue iScan 80 &#8211; Das vollautomatische OCT mit Touchscreen und deutscher Sprachausgabe"},"content":{"rendered":"<h4>Optovue iScan 80 &#8211; Das OCT, das praktisch von selbst l\u00e4uft<\/h4>\n<p>Das iScan 80 ist ein vollst\u00e4ndig integriertes System, das eine ganze Reihe von Scans der Netzhaut, des Sehnervs und des vorderen Augenabschnitts umfasst. Es erkennt das zu scannende Auge, richtet die Kamera \u00fcber der Pupille aus und optimiert die St\u00e4rke des Scansignals. Nach Abschluss der Scan-Erfassung wertet iScan 80 jeden Scan aus, um sicherzustellen, dass hochwertige Daten erfasst wurden.<\/p>\n<p>&nbsp;<\/p>\n<h4>Gewinnen Sie neue Informationen \u00fcber Augenstrukturen<\/h4>\n<p>Das iScan 80 OCT bietet alle Scans, die mit einem herk\u00f6mmlichen OCT m\u00f6glich sind, mit dem zus\u00e4tzlichen Vorteil einer vereinfachten Bedienung. Die Scan-Erfassung ist so einfach wie die Positionierung des Patienten mit Hilfe der Pupillenausrichtungstechnologie von iScan80, die Auswahl des Scans und das Dr\u00fccken von Start.<\/p>\n<p>&nbsp;<\/p>\n<h4>Schnelle und einfache Scan-Erfassung<\/h4>\n<p>Das iScan80 f\u00fchrt alle Fokussierungs- und Ausrichtungsvorg\u00e4nge durch, w\u00e4hrend der Patient durch die gesamte Untersuchung gef\u00fchrt wird.<\/p>\n<p>&nbsp;<\/p>\n<h4>Platzsparendes Design<\/h4>\n<p>Das iScan 80 ist ein Tischsystem, das ungef\u00e4hr so gro\u00df ist wie ein Desktop-Computer, so dass jede Praxis Platz f\u00fcr das System findet. iScan 80 l\u00e4sst sich au\u00dferdem schnell per Plug-and-Play installieren und ist somit ein wirklich tragbares OCT-System.<\/p>\n<p>&nbsp;<\/p>\n<h4>Verbessern Sie Ihre Augenuntersuchung<\/h4>\n<p>Mit der iWellness-Untersuchung, die nur bei Optovue erh\u00e4ltlich ist, k\u00f6nnen Sie die Augengesundheit Ihrer Patienten auf neue Weise sch\u00fctzen. Dieser schnelle und einfache Scan gibt Ihnen einen detaillierten Einblick in den Gesundheitszustand der Netzhaut und des Ganglienzellenkomplexes Ihres Patienten mit robusten normativen Vergleichen, damit Sie Anzeichen von Krankheiten erkennen k\u00f6nnen, bevor sie bei der klinischen Untersuchung auffallen. Und da der iWellness-Scan unabh\u00e4ngig von den medizinisch abrechenbaren Scans des iScan 80 ist, bietet er eine neue Einnahmequelle f\u00fcr die Praxis.<\/p>\n<p>&nbsp;<\/p>\n<h4>Flexible Scan-Pakete<\/h4>\n<p>Das iScan 80 ist in zwei Konfigurationen erh\u00e4ltlich, um Ihnen Flexibilit\u00e4t bei der Integration von OCT zu bieten. iScan 80 Essential bietet den iWellness-Scan sowie grundlegende Netzhaut- und Glaukom-Scans f\u00fcr Praxen, die neu in der OCT-Technologie sind. F\u00fcr Praxen, die ein voll ausgestattetes System suchen, bietet iScan 80 Comprehensive iWellness zusammen mit allen Scans der Retina, des Sehnervenkopfes und des vorderen Augenabschnitts, die auf dem iVue-System verf\u00fcgbar sind. Das iScan 80 Essential System kann jederzeit zu iScan 80 Comprehensive aufger\u00fcstet werden.<\/p>\n","protected":false},"excerpt":{"rendered":"<p>Optovue iScan 80 &#8211; Das OCT, das praktisch von selbst l\u00e4uft Das iScan 80 ist ein vollst\u00e4ndig integriertes System, das eine ganze Reihe von Scans der Netzhaut, des Sehnervs und des vorderen Augenabschnitts umfasst. Es erkennt das zu scannende Auge, richtet die Kamera \u00fcber der Pupille aus und optimiert die St\u00e4rke des Scansignals. Nach Abschluss [&hellip;]<\/p>\n","protected":false},"featured_media":9132,"comment_status":"closed","ping_status":"closed","template":"","meta":{"_acf_changed":false,"inline_featured_image":false},"product_manufacturers":[694],"product_brand":[],"product_cat":[52,384,382],"product_tag":[],"class_list":{"0":"post-9101","1":"product","2":"type-product","3":"status-publish","4":"has-post-thumbnail","6":"product_cat-retina-2","7":"product_cat-optische-koharenztomographen-oct","8":"product_cat-optovue","10":"first","11":"instock","12":"taxable","13":"shipping-taxable","14":"product-type-simple"},"acf":[],"yoast_head":"<!-- This site is optimized with the Yoast SEO plugin v27.0 - https:\/\/yoast.com\/product\/yoast-seo-wordpress\/ -->\n<title>Optovue iScan 80 - Das vollautomatische OCT mit Touchscreen und deutscher Sprachausgabe - bon Optic - Partner auf Augenh\u00f6he<\/title>\n<meta name=\"description\" content=\"Das super kompakte OCT &quot;iScan 80&quot; von Optovue punktet mit einer einfachen Touchscreen-Bedienung und deutscher Sprachausgabe.\" \/>\n<meta name=\"robots\" content=\"index, follow, max-snippet:-1, max-image-preview:large, max-video-preview:-1\" \/>\n<link rel=\"canonical\" href=\"https:\/\/bon.de\/produkt\/optovue-iscan-80-das-vollautomatische-oct-mit-touchscreen-und-deutscher-sprachausgabe\/\" \/>\n<meta property=\"og:locale\" content=\"en_US\" \/>\n<meta property=\"og:type\" content=\"article\" \/>\n<meta property=\"og:title\" content=\"Optovue iScan 80 - Das vollautomatische OCT mit Touchscreen und deutscher Sprachausgabe - bon Optic - Partner auf Augenh\u00f6he\" \/>\n<meta property=\"og:description\" content=\"Das super kompakte OCT &quot;iScan 80&quot; von Optovue punktet mit einer einfachen Touchscreen-Bedienung und deutscher Sprachausgabe.\" \/>\n<meta property=\"og:url\" content=\"https:\/\/bon.de\/produkt\/optovue-iscan-80-das-vollautomatische-oct-mit-touchscreen-und-deutscher-sprachausgabe\/\" \/>\n<meta property=\"og:site_name\" content=\"bon Optic - Partner auf Augenh\u00f6he\" \/>\n<meta property=\"article:modified_time\" content=\"2024-01-24T08:30:52+00:00\" \/>\n<meta property=\"og:image\" content=\"https:\/\/bon.de\/wp-content\/uploads\/2024\/01\/Optovue_OCT_iScan80_web1-5.png\" \/>\n\t<meta property=\"og:image:width\" content=\"754\" \/>\n\t<meta property=\"og:image:height\" content=\"625\" \/>\n\t<meta property=\"og:image:type\" content=\"image\/png\" \/>\n<meta name=\"twitter:card\" content=\"summary_large_image\" \/>\n<meta name=\"twitter:label1\" content=\"Est. reading time\" \/>\n\t<meta name=\"twitter:data1\" content=\"3 minutes\" \/>\n<script type=\"application\/ld+json\" class=\"yoast-schema-graph\">{\"@context\":\"https:\/\/schema.org\",\"@graph\":[{\"@type\":\"WebPage\",\"@id\":\"https:\/\/bon.de\/produkt\/optovue-iscan-80-das-vollautomatische-oct-mit-touchscreen-und-deutscher-sprachausgabe\/\",\"url\":\"https:\/\/bon.de\/produkt\/optovue-iscan-80-das-vollautomatische-oct-mit-touchscreen-und-deutscher-sprachausgabe\/\",\"name\":\"Optovue iScan 80 - Das vollautomatische OCT mit Touchscreen und deutscher Sprachausgabe - bon Optic - Partner auf Augenh\u00f6he\",\"isPartOf\":{\"@id\":\"https:\/\/bon.de\/#website\"},\"primaryImageOfPage\":{\"@id\":\"https:\/\/bon.de\/produkt\/optovue-iscan-80-das-vollautomatische-oct-mit-touchscreen-und-deutscher-sprachausgabe\/#primaryimage\"},\"image\":{\"@id\":\"https:\/\/bon.de\/produkt\/optovue-iscan-80-das-vollautomatische-oct-mit-touchscreen-und-deutscher-sprachausgabe\/#primaryimage\"},\"thumbnailUrl\":\"https:\/\/bon.de\/wp-content\/uploads\/2024\/01\/Optovue_OCT_iScan80_web1-5.png\",\"datePublished\":\"2024-01-02T15:22:25+00:00\",\"dateModified\":\"2024-01-24T08:30:52+00:00\",\"description\":\"Das super kompakte OCT \\\"iScan 80\\\" von Optovue punktet mit einer einfachen Touchscreen-Bedienung und deutscher Sprachausgabe.\",\"breadcrumb\":{\"@id\":\"https:\/\/bon.de\/produkt\/optovue-iscan-80-das-vollautomatische-oct-mit-touchscreen-und-deutscher-sprachausgabe\/#breadcrumb\"},\"inLanguage\":\"en-US\",\"potentialAction\":[{\"@type\":\"ReadAction\",\"target\":[\"https:\/\/bon.de\/produkt\/optovue-iscan-80-das-vollautomatische-oct-mit-touchscreen-und-deutscher-sprachausgabe\/\"]}]},{\"@type\":\"ImageObject\",\"inLanguage\":\"en-US\",\"@id\":\"https:\/\/bon.de\/produkt\/optovue-iscan-80-das-vollautomatische-oct-mit-touchscreen-und-deutscher-sprachausgabe\/#primaryimage\",\"url\":\"https:\/\/bon.de\/wp-content\/uploads\/2024\/01\/Optovue_OCT_iScan80_web1-5.png\",\"contentUrl\":\"https:\/\/bon.de\/wp-content\/uploads\/2024\/01\/Optovue_OCT_iScan80_web1-5.png\",\"width\":754,\"height\":625,\"caption\":\"Optovue iScan 80 \u2013 Das vollautomatische OCT mit Touchscreen und deutscher Sprachausgabe\"},{\"@type\":\"BreadcrumbList\",\"@id\":\"https:\/\/bon.de\/produkt\/optovue-iscan-80-das-vollautomatische-oct-mit-touchscreen-und-deutscher-sprachausgabe\/#breadcrumb\",\"itemListElement\":[{\"@type\":\"ListItem\",\"position\":1,\"name\":\"Home\",\"item\":\"https:\/\/bon.de\/en\/\"},{\"@type\":\"ListItem\",\"position\":2,\"name\":\"Shop\",\"item\":\"https:\/\/bon.de\/en\/shop-2-2\/\"},{\"@type\":\"ListItem\",\"position\":3,\"name\":\"Optovue iScan 80 &#8211; Das vollautomatische OCT mit Touchscreen und deutscher Sprachausgabe\"}]},{\"@type\":\"WebSite\",\"@id\":\"https:\/\/bon.de\/#website\",\"url\":\"https:\/\/bon.de\/\",\"name\":\"bon Optic - Partner auf Augenh\u00f6he\",\"description\":\"\",\"publisher\":{\"@id\":\"https:\/\/bon.de\/#organization\"},\"potentialAction\":[{\"@type\":\"SearchAction\",\"target\":{\"@type\":\"EntryPoint\",\"urlTemplate\":\"https:\/\/bon.de\/?s={search_term_string}\"},\"query-input\":{\"@type\":\"PropertyValueSpecification\",\"valueRequired\":true,\"valueName\":\"search_term_string\"}}],\"inLanguage\":\"en-US\"},{\"@type\":\"Organization\",\"@id\":\"https:\/\/bon.de\/#organization\",\"name\":\"bon Optic Vertriebsgesellschaft mbH\",\"url\":\"https:\/\/bon.de\/\",\"logo\":{\"@type\":\"ImageObject\",\"inLanguage\":\"en-US\",\"@id\":\"https:\/\/bon.de\/#\/schema\/logo\/image\/\",\"url\":\"https:\/\/bon.de\/wp-content\/uploads\/2021\/06\/bon-Logo_512x512px.png\",\"contentUrl\":\"https:\/\/bon.de\/wp-content\/uploads\/2021\/06\/bon-Logo_512x512px.png\",\"width\":512,\"height\":512,\"caption\":\"bon Optic Vertriebsgesellschaft mbH\"},\"image\":{\"@id\":\"https:\/\/bon.de\/#\/schema\/logo\/image\/\"},\"sameAs\":[\"https:\/\/www.linkedin.com\/company\/bon-optic-vertriebsgesellschaft-mbh\/\",\"https:\/\/www.youtube.com\/channel\/UCSURhENDItKaH88bvn8LlcA\"]}]}<\/script>\n<!-- \/ Yoast SEO plugin. -->","yoast_head_json":{"title":"Optovue iScan 80 - Das vollautomatische OCT mit Touchscreen und deutscher Sprachausgabe - bon Optic - Partner auf Augenh\u00f6he","description":"Das super kompakte OCT \"iScan 80\" von Optovue punktet mit einer einfachen Touchscreen-Bedienung und deutscher Sprachausgabe.","robots":{"index":"index","follow":"follow","max-snippet":"max-snippet:-1","max-image-preview":"max-image-preview:large","max-video-preview":"max-video-preview:-1"},"canonical":"https:\/\/bon.de\/produkt\/optovue-iscan-80-das-vollautomatische-oct-mit-touchscreen-und-deutscher-sprachausgabe\/","og_locale":"en_US","og_type":"article","og_title":"Optovue iScan 80 - Das vollautomatische OCT mit Touchscreen und deutscher Sprachausgabe - bon Optic - Partner auf Augenh\u00f6he","og_description":"Das super kompakte OCT \"iScan 80\" von Optovue punktet mit einer einfachen Touchscreen-Bedienung und deutscher Sprachausgabe.","og_url":"https:\/\/bon.de\/produkt\/optovue-iscan-80-das-vollautomatische-oct-mit-touchscreen-und-deutscher-sprachausgabe\/","og_site_name":"bon Optic - Partner auf Augenh\u00f6he","article_modified_time":"2024-01-24T08:30:52+00:00","og_image":[{"width":754,"height":625,"url":"https:\/\/bon.de\/wp-content\/uploads\/2024\/01\/Optovue_OCT_iScan80_web1-5.png","type":"image\/png"}],"twitter_card":"summary_large_image","twitter_misc":{"Est. reading time":"3 minutes"},"schema":{"@context":"https:\/\/schema.org","@graph":[{"@type":"WebPage","@id":"https:\/\/bon.de\/produkt\/optovue-iscan-80-das-vollautomatische-oct-mit-touchscreen-und-deutscher-sprachausgabe\/","url":"https:\/\/bon.de\/produkt\/optovue-iscan-80-das-vollautomatische-oct-mit-touchscreen-und-deutscher-sprachausgabe\/","name":"Optovue iScan 80 - Das vollautomatische OCT mit Touchscreen und deutscher Sprachausgabe - bon Optic - Partner auf Augenh\u00f6he","isPartOf":{"@id":"https:\/\/bon.de\/#website"},"primaryImageOfPage":{"@id":"https:\/\/bon.de\/produkt\/optovue-iscan-80-das-vollautomatische-oct-mit-touchscreen-und-deutscher-sprachausgabe\/#primaryimage"},"image":{"@id":"https:\/\/bon.de\/produkt\/optovue-iscan-80-das-vollautomatische-oct-mit-touchscreen-und-deutscher-sprachausgabe\/#primaryimage"},"thumbnailUrl":"https:\/\/bon.de\/wp-content\/uploads\/2024\/01\/Optovue_OCT_iScan80_web1-5.png","datePublished":"2024-01-02T15:22:25+00:00","dateModified":"2024-01-24T08:30:52+00:00","description":"Das super kompakte OCT \"iScan 80\" von Optovue punktet mit einer einfachen Touchscreen-Bedienung und deutscher Sprachausgabe.","breadcrumb":{"@id":"https:\/\/bon.de\/produkt\/optovue-iscan-80-das-vollautomatische-oct-mit-touchscreen-und-deutscher-sprachausgabe\/#breadcrumb"},"inLanguage":"en-US","potentialAction":[{"@type":"ReadAction","target":["https:\/\/bon.de\/produkt\/optovue-iscan-80-das-vollautomatische-oct-mit-touchscreen-und-deutscher-sprachausgabe\/"]}]},{"@type":"ImageObject","inLanguage":"en-US","@id":"https:\/\/bon.de\/produkt\/optovue-iscan-80-das-vollautomatische-oct-mit-touchscreen-und-deutscher-sprachausgabe\/#primaryimage","url":"https:\/\/bon.de\/wp-content\/uploads\/2024\/01\/Optovue_OCT_iScan80_web1-5.png","contentUrl":"https:\/\/bon.de\/wp-content\/uploads\/2024\/01\/Optovue_OCT_iScan80_web1-5.png","width":754,"height":625,"caption":"Optovue iScan 80 \u2013 Das vollautomatische OCT mit Touchscreen und deutscher Sprachausgabe"},{"@type":"BreadcrumbList","@id":"https:\/\/bon.de\/produkt\/optovue-iscan-80-das-vollautomatische-oct-mit-touchscreen-und-deutscher-sprachausgabe\/#breadcrumb","itemListElement":[{"@type":"ListItem","position":1,"name":"Home","item":"https:\/\/bon.de\/en\/"},{"@type":"ListItem","position":2,"name":"Shop","item":"https:\/\/bon.de\/en\/shop-2-2\/"},{"@type":"ListItem","position":3,"name":"Optovue iScan 80 &#8211; Das vollautomatische OCT mit Touchscreen und deutscher Sprachausgabe"}]},{"@type":"WebSite","@id":"https:\/\/bon.de\/#website","url":"https:\/\/bon.de\/","name":"bon Optic - Partner auf Augenh\u00f6he","description":"","publisher":{"@id":"https:\/\/bon.de\/#organization"},"potentialAction":[{"@type":"SearchAction","target":{"@type":"EntryPoint","urlTemplate":"https:\/\/bon.de\/?s={search_term_string}"},"query-input":{"@type":"PropertyValueSpecification","valueRequired":true,"valueName":"search_term_string"}}],"inLanguage":"en-US"},{"@type":"Organization","@id":"https:\/\/bon.de\/#organization","name":"bon Optic Vertriebsgesellschaft mbH","url":"https:\/\/bon.de\/","logo":{"@type":"ImageObject","inLanguage":"en-US","@id":"https:\/\/bon.de\/#\/schema\/logo\/image\/","url":"https:\/\/bon.de\/wp-content\/uploads\/2021\/06\/bon-Logo_512x512px.png","contentUrl":"https:\/\/bon.de\/wp-content\/uploads\/2021\/06\/bon-Logo_512x512px.png","width":512,"height":512,"caption":"bon Optic Vertriebsgesellschaft mbH"},"image":{"@id":"https:\/\/bon.de\/#\/schema\/logo\/image\/"},"sameAs":["https:\/\/www.linkedin.com\/company\/bon-optic-vertriebsgesellschaft-mbh\/","https:\/\/www.youtube.com\/channel\/UCSURhENDItKaH88bvn8LlcA"]}]}},"_links":{"self":[{"href":"https:\/\/bon.de\/en\/wp-json\/wp\/v2\/product\/9101","targetHints":{"allow":["GET"]}}],"collection":[{"href":"https:\/\/bon.de\/en\/wp-json\/wp\/v2\/product"}],"about":[{"href":"https:\/\/bon.de\/en\/wp-json\/wp\/v2\/types\/product"}],"replies":[{"embeddable":true,"href":"https:\/\/bon.de\/en\/wp-json\/wp\/v2\/comments?post=9101"}],"wp:featuredmedia":[{"embeddable":true,"href":"https:\/\/bon.de\/en\/wp-json\/wp\/v2\/media\/9132"}],"wp:attachment":[{"href":"https:\/\/bon.de\/en\/wp-json\/wp\/v2\/media?parent=9101"}],"wp:term":[{"taxonomy":"product_manufacturers","embeddable":true,"href":"https:\/\/bon.de\/en\/wp-json\/wp\/v2\/product_manufacturers?post=9101"},{"taxonomy":"product_brand","embeddable":true,"href":"https:\/\/bon.de\/en\/wp-json\/wp\/v2\/product_brand?post=9101"},{"taxonomy":"product_cat","embeddable":true,"href":"https:\/\/bon.de\/en\/wp-json\/wp\/v2\/product_cat?post=9101"},{"taxonomy":"product_tag","embeddable":true,"href":"https:\/\/bon.de\/en\/wp-json\/wp\/v2\/product_tag?post=9101"}],"curies":[{"name":"wp","href":"https:\/\/api.w.org\/{rel}","templated":true}]}}