{"id":9134,"date":"2024-01-05T12:01:12","date_gmt":"2024-01-05T11:01:12","guid":{"rendered":"https:\/\/bon.de\/?post_type=product&#038;p=9134"},"modified":"2026-02-27T08:46:15","modified_gmt":"2026-02-27T07:46:15","slug":"optovue-ivue-80-das-hochgeschwindigkeits-praxis-oct-mit-funduskamera-option","status":"publish","type":"product","link":"https:\/\/bon.de\/en\/produkt\/optovue-ivue-80-das-hochgeschwindigkeits-praxis-oct-mit-funduskamera-option\/","title":{"rendered":"Optovue iVue 80 &#8211; Das Praxis-OCT"},"content":{"rendered":"<p>Das iVue 80 OCT ist ein leistungsstarkes klinisches Werkzeug, das die Art und Weise, wie Sie die Netzhaut, den Sehnervenkopf und die Hornhaut beurteilen, ver\u00e4ndert. Quantifizieren Sie die Dicke der Netzhaut, der Nervenfaserschicht, des Ganglienzellenkomplexes und der Hornhaut. Verfolgen Sie Ver\u00e4nderungen und prognostizieren Sie Trends in der RNFL- und GCC-Dicke und messen Sie pr\u00e4zise Winkel zur Unterst\u00fctzung der Krankheitsdiagnose.<\/p>\n<p>&nbsp;<\/p>\n<h4>80.000 A-Scans pro Sekunde<\/h4>\n<p>Dreimal schneller als das urspr\u00fcngliche iVue OCT, verbesserte Effizienz und verbesserte Bildqualit\u00e4t<\/p>\n<p>&nbsp;<\/p>\n<h4>Vereinfachte Scan-Erfassung<\/h4>\n<p>Echtzeit-En-Face-Imaging zeigt eine 12\u00d79 mm gro\u00dfe Ansicht der Netzhaut w\u00e4hrend der Erfassung, um den Bediener beim Scannen der gew\u00fcnschten Stelle zu unterst\u00fctzen<\/p>\n<p>&nbsp;<\/p>\n<h4>Hochaufl\u00f6sende Fundus- und Au\u00dfenaufnahmen<\/h4>\n<p>Erweitern Sie iCam 12 zu iVue 80 f\u00fcr verbesserte diagnostische F\u00e4higkeiten, um eine detaillierte Dokumentation und zus\u00e4tzliche Rendite f\u00fcr Ihre Investition zu erzielen.<\/p>\n<p>&nbsp;<\/p>\n<h4>Exklusives iWellness-Protokoll<\/h4>\n<p>Dar\u00fcber hinaus verbessern Wellness-Programme die Einbindung und Bindung von Patienten und tragen so zur Differenzierung und zum Wachstum der Praxis bei.<\/p>\n<p>&nbsp;<\/p>\n<h4>Einfach zu bedienende Plattform<\/h4>\n<p>Ihre Techniker werden die vertraute spaltlampen\u00e4hnliche Bedienung des iVue 80 und die optimierte Benutzeroberfl\u00e4che sch\u00e4tzen, die eine schnelle und einfache Scan-Erfassung erm\u00f6glicht. Wenn neue Anwender in die Praxis kommen, werden sie das iVue 80 System schnell beherrschen.<\/p>\n","protected":false},"excerpt":{"rendered":"<p>Das iVue 80 OCT ist ein leistungsstarkes klinisches Werkzeug, das die Art und Weise, wie Sie die Netzhaut, den Sehnervenkopf und die Hornhaut beurteilen, ver\u00e4ndert. Quantifizieren Sie die Dicke der Netzhaut, der Nervenfaserschicht, des Ganglienzellenkomplexes und der Hornhaut. Verfolgen Sie Ver\u00e4nderungen und prognostizieren Sie Trends in der RNFL- und GCC-Dicke und messen Sie pr\u00e4zise Winkel [&hellip;]<\/p>\n","protected":false},"featured_media":9152,"comment_status":"closed","ping_status":"closed","template":"","meta":{"_acf_changed":false,"inline_featured_image":false},"product_manufacturers":[694],"product_brand":[],"product_cat":[52,384],"product_tag":[],"class_list":{"0":"post-9134","1":"product","2":"type-product","3":"status-publish","4":"has-post-thumbnail","6":"product_cat-retina-2","7":"product_cat-optische-koharenztomographen-oct","9":"first","10":"instock","11":"taxable","12":"shipping-taxable","13":"product-type-simple"},"acf":[],"yoast_head":"<!-- This site is optimized with the Yoast SEO plugin v27.0 - https:\/\/yoast.com\/product\/yoast-seo-wordpress\/ -->\n<title>Optovue iVue 80 - Das Praxis-OCT - bon Optic - Partner auf Augenh\u00f6he<\/title>\n<meta name=\"robots\" content=\"index, follow, max-snippet:-1, max-image-preview:large, max-video-preview:-1\" \/>\n<link rel=\"canonical\" href=\"https:\/\/bon.de\/produkt\/optovue-ivue-80-das-hochgeschwindigkeits-praxis-oct-mit-funduskamera-option\/\" \/>\n<meta property=\"og:locale\" content=\"en_US\" \/>\n<meta property=\"og:type\" content=\"article\" \/>\n<meta property=\"og:title\" content=\"Optovue iVue 80 - Das Praxis-OCT - bon Optic - Partner auf Augenh\u00f6he\" \/>\n<meta property=\"og:description\" content=\"Das iVue 80 OCT ist ein leistungsstarkes klinisches Werkzeug, das die Art und Weise, wie Sie die Netzhaut, den Sehnervenkopf und die Hornhaut beurteilen, ver\u00e4ndert. Quantifizieren Sie die Dicke der Netzhaut, der Nervenfaserschicht, des Ganglienzellenkomplexes und der Hornhaut. Verfolgen Sie Ver\u00e4nderungen und prognostizieren Sie Trends in der RNFL- und GCC-Dicke und messen Sie pr\u00e4zise Winkel [&hellip;]\" \/>\n<meta property=\"og:url\" content=\"https:\/\/bon.de\/produkt\/optovue-ivue-80-das-hochgeschwindigkeits-praxis-oct-mit-funduskamera-option\/\" \/>\n<meta property=\"og:site_name\" content=\"bon Optic - Partner auf Augenh\u00f6he\" \/>\n<meta property=\"article:modified_time\" content=\"2026-02-27T07:46:15+00:00\" \/>\n<meta property=\"og:image\" content=\"https:\/\/bon.de\/wp-content\/uploads\/2024\/01\/Optovue_iVue80_OCT_web1-1.png\" \/>\n\t<meta property=\"og:image:width\" content=\"643\" \/>\n\t<meta property=\"og:image:height\" content=\"643\" \/>\n\t<meta property=\"og:image:type\" content=\"image\/png\" \/>\n<meta name=\"twitter:card\" content=\"summary_large_image\" \/>\n<meta name=\"twitter:label1\" content=\"Est. reading time\" \/>\n\t<meta name=\"twitter:data1\" content=\"2 minutes\" \/>\n<script type=\"application\/ld+json\" class=\"yoast-schema-graph\">{\"@context\":\"https:\/\/schema.org\",\"@graph\":[{\"@type\":\"WebPage\",\"@id\":\"https:\/\/bon.de\/produkt\/optovue-ivue-80-das-hochgeschwindigkeits-praxis-oct-mit-funduskamera-option\/\",\"url\":\"https:\/\/bon.de\/produkt\/optovue-ivue-80-das-hochgeschwindigkeits-praxis-oct-mit-funduskamera-option\/\",\"name\":\"Optovue iVue 80 - Das Praxis-OCT - bon Optic - Partner auf Augenh\u00f6he\",\"isPartOf\":{\"@id\":\"https:\/\/bon.de\/#website\"},\"primaryImageOfPage\":{\"@id\":\"https:\/\/bon.de\/produkt\/optovue-ivue-80-das-hochgeschwindigkeits-praxis-oct-mit-funduskamera-option\/#primaryimage\"},\"image\":{\"@id\":\"https:\/\/bon.de\/produkt\/optovue-ivue-80-das-hochgeschwindigkeits-praxis-oct-mit-funduskamera-option\/#primaryimage\"},\"thumbnailUrl\":\"https:\/\/bon.de\/wp-content\/uploads\/2024\/01\/Optovue_iVue80_OCT_web1-1.png\",\"datePublished\":\"2024-01-05T11:01:12+00:00\",\"dateModified\":\"2026-02-27T07:46:15+00:00\",\"breadcrumb\":{\"@id\":\"https:\/\/bon.de\/produkt\/optovue-ivue-80-das-hochgeschwindigkeits-praxis-oct-mit-funduskamera-option\/#breadcrumb\"},\"inLanguage\":\"en-US\",\"potentialAction\":[{\"@type\":\"ReadAction\",\"target\":[\"https:\/\/bon.de\/produkt\/optovue-ivue-80-das-hochgeschwindigkeits-praxis-oct-mit-funduskamera-option\/\"]}]},{\"@type\":\"ImageObject\",\"inLanguage\":\"en-US\",\"@id\":\"https:\/\/bon.de\/produkt\/optovue-ivue-80-das-hochgeschwindigkeits-praxis-oct-mit-funduskamera-option\/#primaryimage\",\"url\":\"https:\/\/bon.de\/wp-content\/uploads\/2024\/01\/Optovue_iVue80_OCT_web1-1.png\",\"contentUrl\":\"https:\/\/bon.de\/wp-content\/uploads\/2024\/01\/Optovue_iVue80_OCT_web1-1.png\",\"width\":643,\"height\":643,\"caption\":\"Optovue iVue80 - Das Praxis OCT\"},{\"@type\":\"BreadcrumbList\",\"@id\":\"https:\/\/bon.de\/produkt\/optovue-ivue-80-das-hochgeschwindigkeits-praxis-oct-mit-funduskamera-option\/#breadcrumb\",\"itemListElement\":[{\"@type\":\"ListItem\",\"position\":1,\"name\":\"Home\",\"item\":\"https:\/\/bon.de\/en\/\"},{\"@type\":\"ListItem\",\"position\":2,\"name\":\"Shop\",\"item\":\"https:\/\/bon.de\/en\/shop-2-2\/\"},{\"@type\":\"ListItem\",\"position\":3,\"name\":\"Optovue iVue 80 &#8211; Das Praxis-OCT\"}]},{\"@type\":\"WebSite\",\"@id\":\"https:\/\/bon.de\/#website\",\"url\":\"https:\/\/bon.de\/\",\"name\":\"bon Optic - Partner auf Augenh\u00f6he\",\"description\":\"\",\"publisher\":{\"@id\":\"https:\/\/bon.de\/#organization\"},\"potentialAction\":[{\"@type\":\"SearchAction\",\"target\":{\"@type\":\"EntryPoint\",\"urlTemplate\":\"https:\/\/bon.de\/?s={search_term_string}\"},\"query-input\":{\"@type\":\"PropertyValueSpecification\",\"valueRequired\":true,\"valueName\":\"search_term_string\"}}],\"inLanguage\":\"en-US\"},{\"@type\":\"Organization\",\"@id\":\"https:\/\/bon.de\/#organization\",\"name\":\"bon Optic Vertriebsgesellschaft mbH\",\"url\":\"https:\/\/bon.de\/\",\"logo\":{\"@type\":\"ImageObject\",\"inLanguage\":\"en-US\",\"@id\":\"https:\/\/bon.de\/#\/schema\/logo\/image\/\",\"url\":\"https:\/\/bon.de\/wp-content\/uploads\/2021\/06\/bon-Logo_512x512px.png\",\"contentUrl\":\"https:\/\/bon.de\/wp-content\/uploads\/2021\/06\/bon-Logo_512x512px.png\",\"width\":512,\"height\":512,\"caption\":\"bon Optic Vertriebsgesellschaft mbH\"},\"image\":{\"@id\":\"https:\/\/bon.de\/#\/schema\/logo\/image\/\"},\"sameAs\":[\"https:\/\/www.linkedin.com\/company\/bon-optic-vertriebsgesellschaft-mbh\/\",\"https:\/\/www.youtube.com\/channel\/UCSURhENDItKaH88bvn8LlcA\"]}]}<\/script>\n<!-- \/ Yoast SEO plugin. -->","yoast_head_json":{"title":"Optovue iVue 80 - Das Praxis-OCT - bon Optic - Partner auf Augenh\u00f6he","robots":{"index":"index","follow":"follow","max-snippet":"max-snippet:-1","max-image-preview":"max-image-preview:large","max-video-preview":"max-video-preview:-1"},"canonical":"https:\/\/bon.de\/produkt\/optovue-ivue-80-das-hochgeschwindigkeits-praxis-oct-mit-funduskamera-option\/","og_locale":"en_US","og_type":"article","og_title":"Optovue iVue 80 - Das Praxis-OCT - bon Optic - Partner auf Augenh\u00f6he","og_description":"Das iVue 80 OCT ist ein leistungsstarkes klinisches Werkzeug, das die Art und Weise, wie Sie die Netzhaut, den Sehnervenkopf und die Hornhaut beurteilen, ver\u00e4ndert. Quantifizieren Sie die Dicke der Netzhaut, der Nervenfaserschicht, des Ganglienzellenkomplexes und der Hornhaut. Verfolgen Sie Ver\u00e4nderungen und prognostizieren Sie Trends in der RNFL- und GCC-Dicke und messen Sie pr\u00e4zise Winkel [&hellip;]","og_url":"https:\/\/bon.de\/produkt\/optovue-ivue-80-das-hochgeschwindigkeits-praxis-oct-mit-funduskamera-option\/","og_site_name":"bon Optic - Partner auf Augenh\u00f6he","article_modified_time":"2026-02-27T07:46:15+00:00","og_image":[{"width":643,"height":643,"url":"https:\/\/bon.de\/wp-content\/uploads\/2024\/01\/Optovue_iVue80_OCT_web1-1.png","type":"image\/png"}],"twitter_card":"summary_large_image","twitter_misc":{"Est. reading time":"2 minutes"},"schema":{"@context":"https:\/\/schema.org","@graph":[{"@type":"WebPage","@id":"https:\/\/bon.de\/produkt\/optovue-ivue-80-das-hochgeschwindigkeits-praxis-oct-mit-funduskamera-option\/","url":"https:\/\/bon.de\/produkt\/optovue-ivue-80-das-hochgeschwindigkeits-praxis-oct-mit-funduskamera-option\/","name":"Optovue iVue 80 - Das Praxis-OCT - bon Optic - Partner auf Augenh\u00f6he","isPartOf":{"@id":"https:\/\/bon.de\/#website"},"primaryImageOfPage":{"@id":"https:\/\/bon.de\/produkt\/optovue-ivue-80-das-hochgeschwindigkeits-praxis-oct-mit-funduskamera-option\/#primaryimage"},"image":{"@id":"https:\/\/bon.de\/produkt\/optovue-ivue-80-das-hochgeschwindigkeits-praxis-oct-mit-funduskamera-option\/#primaryimage"},"thumbnailUrl":"https:\/\/bon.de\/wp-content\/uploads\/2024\/01\/Optovue_iVue80_OCT_web1-1.png","datePublished":"2024-01-05T11:01:12+00:00","dateModified":"2026-02-27T07:46:15+00:00","breadcrumb":{"@id":"https:\/\/bon.de\/produkt\/optovue-ivue-80-das-hochgeschwindigkeits-praxis-oct-mit-funduskamera-option\/#breadcrumb"},"inLanguage":"en-US","potentialAction":[{"@type":"ReadAction","target":["https:\/\/bon.de\/produkt\/optovue-ivue-80-das-hochgeschwindigkeits-praxis-oct-mit-funduskamera-option\/"]}]},{"@type":"ImageObject","inLanguage":"en-US","@id":"https:\/\/bon.de\/produkt\/optovue-ivue-80-das-hochgeschwindigkeits-praxis-oct-mit-funduskamera-option\/#primaryimage","url":"https:\/\/bon.de\/wp-content\/uploads\/2024\/01\/Optovue_iVue80_OCT_web1-1.png","contentUrl":"https:\/\/bon.de\/wp-content\/uploads\/2024\/01\/Optovue_iVue80_OCT_web1-1.png","width":643,"height":643,"caption":"Optovue iVue80 - Das Praxis OCT"},{"@type":"BreadcrumbList","@id":"https:\/\/bon.de\/produkt\/optovue-ivue-80-das-hochgeschwindigkeits-praxis-oct-mit-funduskamera-option\/#breadcrumb","itemListElement":[{"@type":"ListItem","position":1,"name":"Home","item":"https:\/\/bon.de\/en\/"},{"@type":"ListItem","position":2,"name":"Shop","item":"https:\/\/bon.de\/en\/shop-2-2\/"},{"@type":"ListItem","position":3,"name":"Optovue iVue 80 &#8211; Das Praxis-OCT"}]},{"@type":"WebSite","@id":"https:\/\/bon.de\/#website","url":"https:\/\/bon.de\/","name":"bon Optic - Partner auf Augenh\u00f6he","description":"","publisher":{"@id":"https:\/\/bon.de\/#organization"},"potentialAction":[{"@type":"SearchAction","target":{"@type":"EntryPoint","urlTemplate":"https:\/\/bon.de\/?s={search_term_string}"},"query-input":{"@type":"PropertyValueSpecification","valueRequired":true,"valueName":"search_term_string"}}],"inLanguage":"en-US"},{"@type":"Organization","@id":"https:\/\/bon.de\/#organization","name":"bon Optic Vertriebsgesellschaft mbH","url":"https:\/\/bon.de\/","logo":{"@type":"ImageObject","inLanguage":"en-US","@id":"https:\/\/bon.de\/#\/schema\/logo\/image\/","url":"https:\/\/bon.de\/wp-content\/uploads\/2021\/06\/bon-Logo_512x512px.png","contentUrl":"https:\/\/bon.de\/wp-content\/uploads\/2021\/06\/bon-Logo_512x512px.png","width":512,"height":512,"caption":"bon Optic Vertriebsgesellschaft mbH"},"image":{"@id":"https:\/\/bon.de\/#\/schema\/logo\/image\/"},"sameAs":["https:\/\/www.linkedin.com\/company\/bon-optic-vertriebsgesellschaft-mbh\/","https:\/\/www.youtube.com\/channel\/UCSURhENDItKaH88bvn8LlcA"]}]}},"_links":{"self":[{"href":"https:\/\/bon.de\/en\/wp-json\/wp\/v2\/product\/9134","targetHints":{"allow":["GET"]}}],"collection":[{"href":"https:\/\/bon.de\/en\/wp-json\/wp\/v2\/product"}],"about":[{"href":"https:\/\/bon.de\/en\/wp-json\/wp\/v2\/types\/product"}],"replies":[{"embeddable":true,"href":"https:\/\/bon.de\/en\/wp-json\/wp\/v2\/comments?post=9134"}],"wp:featuredmedia":[{"embeddable":true,"href":"https:\/\/bon.de\/en\/wp-json\/wp\/v2\/media\/9152"}],"wp:attachment":[{"href":"https:\/\/bon.de\/en\/wp-json\/wp\/v2\/media?parent=9134"}],"wp:term":[{"taxonomy":"product_manufacturers","embeddable":true,"href":"https:\/\/bon.de\/en\/wp-json\/wp\/v2\/product_manufacturers?post=9134"},{"taxonomy":"product_brand","embeddable":true,"href":"https:\/\/bon.de\/en\/wp-json\/wp\/v2\/product_brand?post=9134"},{"taxonomy":"product_cat","embeddable":true,"href":"https:\/\/bon.de\/en\/wp-json\/wp\/v2\/product_cat?post=9134"},{"taxonomy":"product_tag","embeddable":true,"href":"https:\/\/bon.de\/en\/wp-json\/wp\/v2\/product_tag?post=9134"}],"curies":[{"name":"wp","href":"https:\/\/api.w.org\/{rel}","templated":true}]}}