{"id":9145,"date":"2024-01-05T12:39:19","date_gmt":"2024-01-05T11:39:19","guid":{"rendered":"https:\/\/bon.de\/?post_type=product&#038;p=9145"},"modified":"2025-06-04T11:25:35","modified_gmt":"2025-06-04T10:25:35","slug":"optovue-solix-das-ultra-high-speed-fullrange-oct-mit-oct-angiographie","status":"publish","type":"product","link":"https:\/\/bon.de\/en\/produkt\/optovue-solix-das-ultra-high-speed-fullrange-oct-mit-oct-angiographie\/","title":{"rendered":"Optovue SOLIX &#8211; Das high-speed FullRange\u00ae OCT mit OCT-Angiographie"},"content":{"rendered":"<h4>Das high-speed FullRange\u00ae OCT von den Erfindern der OCT-Angiographie<\/h4>\n<p>Das SOLIX baut die bew\u00e4hrte Technologie-Grundlage der Hochgeschwindigkeits-Spectral Domain OCT auf. Diese FullRange\u00ae-Plattform erm\u00f6glicht es \u00c4rzten, zahlreiche Pathologien vom vorderen bis zum hinteren Teil des Auges zu erkennen und zu behandeln, was zu einer deutlich besseren Diagnose f\u00fchrt. SOLIX liefert mehrere Werkzeuge f\u00fcr eine neue Generation des Krankheitsmanagements, die den Durchsatz verbessert und eine bessere Patientenversorgung erm\u00f6glicht.<\/p>\n<div class=\"brlbs-cmpnt-container brlbs-cmpnt-content-blocker brlbs-cmpnt-with-individual-styles\" data-borlabs-cookie-content-blocker-id=\"youtube-content-blocker\" data-borlabs-cookie-content=\"PGlmcmFtZSB0aXRsZT0iWW91VHViZSB2aWRlbyBwbGF5ZXIiIHNyYz0iaHR0cHM6Ly93d3cueW91dHViZS1ub2Nvb2tpZS5jb20vZW1iZWQvR0x2emhYX0dXZVE\/c2k9a2x5djRaWXlWbEhsMmpMTiIgd2lkdGg9Ijg0MCIgaGVpZ2h0PSI0NzIiIGZyYW1lYm9yZGVyPSIwIiBhbGxvd2Z1bGxzY3JlZW49ImFsbG93ZnVsbHNjcmVlbiI+PC9pZnJhbWU+\">\n<div class=\"brlbs-cmpnt-cb-preset-c brlbs-cmpnt-cb-youtube\">\n<div class=\"brlbs-cmpnt-cb-thumbnail\" style=\"background-image: url('https:\/\/bon.de\/wp-content\/uploads\/borlabs-cookie\/1\/yt_GLvzhX_GWeQ_hqdefault.jpg')\"><\/div>\n<div class=\"brlbs-cmpnt-cb-main\">\n<div class=\"brlbs-cmpnt-cb-play-button\"><\/div>\n<div class=\"brlbs-cmpnt-cb-content\">\n<p class=\"brlbs-cmpnt-cb-description\">You are currently viewing a placeholder content from <strong>YouTube<\/strong>. To access the actual content, click the button below. Please note that doing so will share data with third-party providers.<\/p>\n<p> <a class=\"brlbs-cmpnt-cb-provider-toggle\" href=\"#\" data-borlabs-cookie-show-provider-information role=\"button\">More Information<\/a> <\/div>\n<div class=\"brlbs-cmpnt-cb-buttons\"> <a class=\"brlbs-cmpnt-cb-btn\" href=\"#\" data-borlabs-cookie-unblock role=\"button\">Unblock content<\/a> <a class=\"brlbs-cmpnt-cb-btn\" href=\"#\" data-borlabs-cookie-accept-service role=\"button\" style=\"display: inherit\">Accept required service and unblock content<\/a> <\/div><\/div><\/div>\n<\/div>\n<p>&nbsp;<\/p>\n<h4>Volles Sichtfeld<\/h4>\n<p>SOLIX liefert unverf\u00e4lschte Bilder der Netzhautstrukturen mit dem 16 mm x 6,25 mm gro\u00dfen FullRange-Retina-Scan, der eine sichere Diagnose und Behandlung von Netzhautpathologien erm\u00f6glicht \u2013 selbst bei stark kurzsichtigen Patienten.<\/p>\n<p>&nbsp;<\/p>\n<h4>Volles Spektrum an klinischen Anwendungen<\/h4>\n<p>Das SOLIX bietet mehrere Werkzeuge f\u00fcr eine neue Generation des Krankheitsmanagements, die den Durchsatz verbessern und eine bessere Patientenversorgung erm\u00f6glichen: OCT f\u00fcr den Vorderen und Hinteren Augenabschnitt, OCT-Angiographie, Fundusfotografie, externe Farbfotografie, Beurteilung der Meibom-Dr\u00fcsen der Ober- und Unterlider, exklusive Optovue-Wellness-Protokolle.<\/p>\n<p>&nbsp;<\/p>\n<h4>Volles Spektrum an Spitzentechnologien<\/h4>\n<p>Die ultraschnelle Spectral-Domain-Technologie erzeugt ein breites und tiefes Sichtfeld, das die Bildaufl\u00f6sung nicht beeintr\u00e4chtigt. Die Multi-Volume-Merge-Technologie bildet den Durchschnitt aus vier Scan-Volumina und liefert so Bilder mit hoher Dichte und unverf\u00e4lschter Klarheit. Die 3D-Gef\u00e4\u00dfdarstellung erm\u00f6glicht eine realit\u00e4tsnahe Visualisierung der Netzhautgef\u00e4\u00dfe und der Gef\u00e4\u00dfverbindungen.<\/p>\n<p>&nbsp;<\/p>\n<h4>Erfassen Sie die gesamte vordere Augenkammer in einem einzigen Scan<\/h4>\n<p>SOLIX FullRange liefert beeindruckende Ansichten der gesamten vorderen Augenkammer von der Oberfl\u00e4che der Hornhaut bis zur Oberfl\u00e4che der Linse.<\/p>\n<p>&nbsp;<\/p>\n<h4>Maximieren Sie den klinischen Nutzen<\/h4>\n<p>Die integrierte Funduskamera, die externe Fotografie und die Beurteilungsm\u00f6glichkeit der Meibom-Dr\u00fcsen sowie ein umfassendes Vorderabschnitt-Paket erweitern den klinischen Nutzen des Systems f\u00fcr ein breites Patientenspektrum.<\/p>\n<p>&nbsp;<\/p>\n<h4>Sehen Sie breite und tiefe Bilder<\/h4>\n<p>SOLIX liefert unverf\u00e4lschte Bilder der Netzhautstrukturen mit bislang nicht m\u00f6glichen Ansichten des Glask\u00f6rpers und der Aderhaut. was eine sichere Diagnose und Behandlung von Pathologien erm\u00f6glicht \u2013 selbst bei hochgradig kurzsichtigen Patienten.<\/p>\n","protected":false},"excerpt":{"rendered":"<p>Das high-speed FullRange\u00ae OCT von den Erfindern der OCT-Angiographie Das SOLIX baut die bew\u00e4hrte Technologie-Grundlage der Hochgeschwindigkeits-Spectral Domain OCT auf. Diese FullRange\u00ae-Plattform erm\u00f6glicht es \u00c4rzten, zahlreiche Pathologien vom vorderen bis zum hinteren Teil des Auges zu erkennen und zu behandeln, was zu einer deutlich besseren Diagnose f\u00fchrt. SOLIX liefert mehrere Werkzeuge f\u00fcr eine neue Generation [&hellip;]<\/p>\n","protected":false},"featured_media":9150,"comment_status":"closed","ping_status":"closed","template":"","meta":{"_acf_changed":false,"inline_featured_image":false},"product_manufacturers":[694],"product_brand":[],"product_cat":[52,384],"product_tag":[],"class_list":{"0":"post-9145","1":"product","2":"type-product","3":"status-publish","4":"has-post-thumbnail","6":"product_cat-retina-2","7":"product_cat-optische-koharenztomographen-oct","9":"first","10":"instock","11":"taxable","12":"shipping-taxable","13":"product-type-simple"},"acf":[],"yoast_head":"<!-- This site is optimized with the Yoast SEO plugin v27.0 - https:\/\/yoast.com\/product\/yoast-seo-wordpress\/ -->\n<title>Optovue SOLIX - Das high-speed FullRange\u00ae OCT mit OCT-Angiographie - bon Optic - Partner auf Augenh\u00f6he<\/title>\n<meta name=\"robots\" content=\"index, follow, max-snippet:-1, max-image-preview:large, max-video-preview:-1\" \/>\n<link rel=\"canonical\" href=\"https:\/\/bon.de\/produkt\/optovue-solix-das-ultra-high-speed-fullrange-oct-mit-oct-angiographie\/\" \/>\n<meta property=\"og:locale\" content=\"en_US\" \/>\n<meta property=\"og:type\" content=\"article\" \/>\n<meta property=\"og:title\" content=\"Optovue SOLIX - Das high-speed FullRange\u00ae OCT mit OCT-Angiographie - bon Optic - Partner auf Augenh\u00f6he\" \/>\n<meta property=\"og:description\" content=\"Das high-speed FullRange\u00ae OCT von den Erfindern der OCT-Angiographie Das SOLIX baut die bew\u00e4hrte Technologie-Grundlage der Hochgeschwindigkeits-Spectral Domain OCT auf. Diese FullRange\u00ae-Plattform erm\u00f6glicht es \u00c4rzten, zahlreiche Pathologien vom vorderen bis zum hinteren Teil des Auges zu erkennen und zu behandeln, was zu einer deutlich besseren Diagnose f\u00fchrt. SOLIX liefert mehrere Werkzeuge f\u00fcr eine neue Generation [&hellip;]\" \/>\n<meta property=\"og:url\" content=\"https:\/\/bon.de\/produkt\/optovue-solix-das-ultra-high-speed-fullrange-oct-mit-oct-angiographie\/\" \/>\n<meta property=\"og:site_name\" content=\"bon Optic - Partner auf Augenh\u00f6he\" \/>\n<meta property=\"article:modified_time\" content=\"2025-06-04T10:25:35+00:00\" \/>\n<meta property=\"og:image\" content=\"https:\/\/bon.de\/wp-content\/uploads\/2024\/01\/Optovue_SOLIX_Ultra-High-Speed-FullRange-OCT_web1-1.png\" \/>\n\t<meta property=\"og:image:width\" content=\"1299\" \/>\n\t<meta property=\"og:image:height\" content=\"1299\" \/>\n\t<meta property=\"og:image:type\" content=\"image\/png\" \/>\n<meta name=\"twitter:card\" content=\"summary_large_image\" \/>\n<meta name=\"twitter:label1\" content=\"Est. reading time\" \/>\n\t<meta name=\"twitter:data1\" content=\"2 minutes\" \/>\n<script type=\"application\/ld+json\" class=\"yoast-schema-graph\">{\"@context\":\"https:\/\/schema.org\",\"@graph\":[{\"@type\":\"WebPage\",\"@id\":\"https:\/\/bon.de\/produkt\/optovue-solix-das-ultra-high-speed-fullrange-oct-mit-oct-angiographie\/\",\"url\":\"https:\/\/bon.de\/produkt\/optovue-solix-das-ultra-high-speed-fullrange-oct-mit-oct-angiographie\/\",\"name\":\"Optovue SOLIX - Das high-speed FullRange\u00ae OCT mit OCT-Angiographie - bon Optic - Partner auf Augenh\u00f6he\",\"isPartOf\":{\"@id\":\"https:\/\/bon.de\/#website\"},\"primaryImageOfPage\":{\"@id\":\"https:\/\/bon.de\/produkt\/optovue-solix-das-ultra-high-speed-fullrange-oct-mit-oct-angiographie\/#primaryimage\"},\"image\":{\"@id\":\"https:\/\/bon.de\/produkt\/optovue-solix-das-ultra-high-speed-fullrange-oct-mit-oct-angiographie\/#primaryimage\"},\"thumbnailUrl\":\"https:\/\/bon.de\/wp-content\/uploads\/2024\/01\/Optovue_SOLIX_Ultra-High-Speed-FullRange-OCT_web1-1.png\",\"datePublished\":\"2024-01-05T11:39:19+00:00\",\"dateModified\":\"2025-06-04T10:25:35+00:00\",\"breadcrumb\":{\"@id\":\"https:\/\/bon.de\/produkt\/optovue-solix-das-ultra-high-speed-fullrange-oct-mit-oct-angiographie\/#breadcrumb\"},\"inLanguage\":\"en-US\",\"potentialAction\":[{\"@type\":\"ReadAction\",\"target\":[\"https:\/\/bon.de\/produkt\/optovue-solix-das-ultra-high-speed-fullrange-oct-mit-oct-angiographie\/\"]}]},{\"@type\":\"ImageObject\",\"inLanguage\":\"en-US\",\"@id\":\"https:\/\/bon.de\/produkt\/optovue-solix-das-ultra-high-speed-fullrange-oct-mit-oct-angiographie\/#primaryimage\",\"url\":\"https:\/\/bon.de\/wp-content\/uploads\/2024\/01\/Optovue_SOLIX_Ultra-High-Speed-FullRange-OCT_web1-1.png\",\"contentUrl\":\"https:\/\/bon.de\/wp-content\/uploads\/2024\/01\/Optovue_SOLIX_Ultra-High-Speed-FullRange-OCT_web1-1.png\",\"width\":1299,\"height\":1299},{\"@type\":\"BreadcrumbList\",\"@id\":\"https:\/\/bon.de\/produkt\/optovue-solix-das-ultra-high-speed-fullrange-oct-mit-oct-angiographie\/#breadcrumb\",\"itemListElement\":[{\"@type\":\"ListItem\",\"position\":1,\"name\":\"Home\",\"item\":\"https:\/\/bon.de\/en\/\"},{\"@type\":\"ListItem\",\"position\":2,\"name\":\"Shop\",\"item\":\"https:\/\/bon.de\/en\/shop-2-2\/\"},{\"@type\":\"ListItem\",\"position\":3,\"name\":\"Optovue SOLIX &#8211; Das high-speed FullRange\u00ae OCT mit OCT-Angiographie\"}]},{\"@type\":\"WebSite\",\"@id\":\"https:\/\/bon.de\/#website\",\"url\":\"https:\/\/bon.de\/\",\"name\":\"bon Optic - Partner auf Augenh\u00f6he\",\"description\":\"\",\"publisher\":{\"@id\":\"https:\/\/bon.de\/#organization\"},\"potentialAction\":[{\"@type\":\"SearchAction\",\"target\":{\"@type\":\"EntryPoint\",\"urlTemplate\":\"https:\/\/bon.de\/?s={search_term_string}\"},\"query-input\":{\"@type\":\"PropertyValueSpecification\",\"valueRequired\":true,\"valueName\":\"search_term_string\"}}],\"inLanguage\":\"en-US\"},{\"@type\":\"Organization\",\"@id\":\"https:\/\/bon.de\/#organization\",\"name\":\"bon Optic Vertriebsgesellschaft mbH\",\"url\":\"https:\/\/bon.de\/\",\"logo\":{\"@type\":\"ImageObject\",\"inLanguage\":\"en-US\",\"@id\":\"https:\/\/bon.de\/#\/schema\/logo\/image\/\",\"url\":\"https:\/\/bon.de\/wp-content\/uploads\/2021\/06\/bon-Logo_512x512px.png\",\"contentUrl\":\"https:\/\/bon.de\/wp-content\/uploads\/2021\/06\/bon-Logo_512x512px.png\",\"width\":512,\"height\":512,\"caption\":\"bon Optic Vertriebsgesellschaft mbH\"},\"image\":{\"@id\":\"https:\/\/bon.de\/#\/schema\/logo\/image\/\"},\"sameAs\":[\"https:\/\/www.linkedin.com\/company\/bon-optic-vertriebsgesellschaft-mbh\/\",\"https:\/\/www.youtube.com\/channel\/UCSURhENDItKaH88bvn8LlcA\"]}]}<\/script>\n<!-- \/ Yoast SEO plugin. -->","yoast_head_json":{"title":"Optovue SOLIX - Das high-speed FullRange\u00ae OCT mit OCT-Angiographie - bon Optic - Partner auf Augenh\u00f6he","robots":{"index":"index","follow":"follow","max-snippet":"max-snippet:-1","max-image-preview":"max-image-preview:large","max-video-preview":"max-video-preview:-1"},"canonical":"https:\/\/bon.de\/produkt\/optovue-solix-das-ultra-high-speed-fullrange-oct-mit-oct-angiographie\/","og_locale":"en_US","og_type":"article","og_title":"Optovue SOLIX - Das high-speed FullRange\u00ae OCT mit OCT-Angiographie - bon Optic - Partner auf Augenh\u00f6he","og_description":"Das high-speed FullRange\u00ae OCT von den Erfindern der OCT-Angiographie Das SOLIX baut die bew\u00e4hrte Technologie-Grundlage der Hochgeschwindigkeits-Spectral Domain OCT auf. Diese FullRange\u00ae-Plattform erm\u00f6glicht es \u00c4rzten, zahlreiche Pathologien vom vorderen bis zum hinteren Teil des Auges zu erkennen und zu behandeln, was zu einer deutlich besseren Diagnose f\u00fchrt. SOLIX liefert mehrere Werkzeuge f\u00fcr eine neue Generation [&hellip;]","og_url":"https:\/\/bon.de\/produkt\/optovue-solix-das-ultra-high-speed-fullrange-oct-mit-oct-angiographie\/","og_site_name":"bon Optic - Partner auf Augenh\u00f6he","article_modified_time":"2025-06-04T10:25:35+00:00","og_image":[{"width":1299,"height":1299,"url":"https:\/\/bon.de\/wp-content\/uploads\/2024\/01\/Optovue_SOLIX_Ultra-High-Speed-FullRange-OCT_web1-1.png","type":"image\/png"}],"twitter_card":"summary_large_image","twitter_misc":{"Est. reading time":"2 minutes"},"schema":{"@context":"https:\/\/schema.org","@graph":[{"@type":"WebPage","@id":"https:\/\/bon.de\/produkt\/optovue-solix-das-ultra-high-speed-fullrange-oct-mit-oct-angiographie\/","url":"https:\/\/bon.de\/produkt\/optovue-solix-das-ultra-high-speed-fullrange-oct-mit-oct-angiographie\/","name":"Optovue SOLIX - Das high-speed FullRange\u00ae OCT mit OCT-Angiographie - bon Optic - Partner auf Augenh\u00f6he","isPartOf":{"@id":"https:\/\/bon.de\/#website"},"primaryImageOfPage":{"@id":"https:\/\/bon.de\/produkt\/optovue-solix-das-ultra-high-speed-fullrange-oct-mit-oct-angiographie\/#primaryimage"},"image":{"@id":"https:\/\/bon.de\/produkt\/optovue-solix-das-ultra-high-speed-fullrange-oct-mit-oct-angiographie\/#primaryimage"},"thumbnailUrl":"https:\/\/bon.de\/wp-content\/uploads\/2024\/01\/Optovue_SOLIX_Ultra-High-Speed-FullRange-OCT_web1-1.png","datePublished":"2024-01-05T11:39:19+00:00","dateModified":"2025-06-04T10:25:35+00:00","breadcrumb":{"@id":"https:\/\/bon.de\/produkt\/optovue-solix-das-ultra-high-speed-fullrange-oct-mit-oct-angiographie\/#breadcrumb"},"inLanguage":"en-US","potentialAction":[{"@type":"ReadAction","target":["https:\/\/bon.de\/produkt\/optovue-solix-das-ultra-high-speed-fullrange-oct-mit-oct-angiographie\/"]}]},{"@type":"ImageObject","inLanguage":"en-US","@id":"https:\/\/bon.de\/produkt\/optovue-solix-das-ultra-high-speed-fullrange-oct-mit-oct-angiographie\/#primaryimage","url":"https:\/\/bon.de\/wp-content\/uploads\/2024\/01\/Optovue_SOLIX_Ultra-High-Speed-FullRange-OCT_web1-1.png","contentUrl":"https:\/\/bon.de\/wp-content\/uploads\/2024\/01\/Optovue_SOLIX_Ultra-High-Speed-FullRange-OCT_web1-1.png","width":1299,"height":1299},{"@type":"BreadcrumbList","@id":"https:\/\/bon.de\/produkt\/optovue-solix-das-ultra-high-speed-fullrange-oct-mit-oct-angiographie\/#breadcrumb","itemListElement":[{"@type":"ListItem","position":1,"name":"Home","item":"https:\/\/bon.de\/en\/"},{"@type":"ListItem","position":2,"name":"Shop","item":"https:\/\/bon.de\/en\/shop-2-2\/"},{"@type":"ListItem","position":3,"name":"Optovue SOLIX &#8211; Das high-speed FullRange\u00ae OCT mit OCT-Angiographie"}]},{"@type":"WebSite","@id":"https:\/\/bon.de\/#website","url":"https:\/\/bon.de\/","name":"bon Optic - Partner auf Augenh\u00f6he","description":"","publisher":{"@id":"https:\/\/bon.de\/#organization"},"potentialAction":[{"@type":"SearchAction","target":{"@type":"EntryPoint","urlTemplate":"https:\/\/bon.de\/?s={search_term_string}"},"query-input":{"@type":"PropertyValueSpecification","valueRequired":true,"valueName":"search_term_string"}}],"inLanguage":"en-US"},{"@type":"Organization","@id":"https:\/\/bon.de\/#organization","name":"bon Optic Vertriebsgesellschaft mbH","url":"https:\/\/bon.de\/","logo":{"@type":"ImageObject","inLanguage":"en-US","@id":"https:\/\/bon.de\/#\/schema\/logo\/image\/","url":"https:\/\/bon.de\/wp-content\/uploads\/2021\/06\/bon-Logo_512x512px.png","contentUrl":"https:\/\/bon.de\/wp-content\/uploads\/2021\/06\/bon-Logo_512x512px.png","width":512,"height":512,"caption":"bon Optic Vertriebsgesellschaft mbH"},"image":{"@id":"https:\/\/bon.de\/#\/schema\/logo\/image\/"},"sameAs":["https:\/\/www.linkedin.com\/company\/bon-optic-vertriebsgesellschaft-mbh\/","https:\/\/www.youtube.com\/channel\/UCSURhENDItKaH88bvn8LlcA"]}]}},"_links":{"self":[{"href":"https:\/\/bon.de\/en\/wp-json\/wp\/v2\/product\/9145","targetHints":{"allow":["GET"]}}],"collection":[{"href":"https:\/\/bon.de\/en\/wp-json\/wp\/v2\/product"}],"about":[{"href":"https:\/\/bon.de\/en\/wp-json\/wp\/v2\/types\/product"}],"replies":[{"embeddable":true,"href":"https:\/\/bon.de\/en\/wp-json\/wp\/v2\/comments?post=9145"}],"wp:featuredmedia":[{"embeddable":true,"href":"https:\/\/bon.de\/en\/wp-json\/wp\/v2\/media\/9150"}],"wp:attachment":[{"href":"https:\/\/bon.de\/en\/wp-json\/wp\/v2\/media?parent=9145"}],"wp:term":[{"taxonomy":"product_manufacturers","embeddable":true,"href":"https:\/\/bon.de\/en\/wp-json\/wp\/v2\/product_manufacturers?post=9145"},{"taxonomy":"product_brand","embeddable":true,"href":"https:\/\/bon.de\/en\/wp-json\/wp\/v2\/product_brand?post=9145"},{"taxonomy":"product_cat","embeddable":true,"href":"https:\/\/bon.de\/en\/wp-json\/wp\/v2\/product_cat?post=9145"},{"taxonomy":"product_tag","embeddable":true,"href":"https:\/\/bon.de\/en\/wp-json\/wp\/v2\/product_tag?post=9145"}],"curies":[{"name":"wp","href":"https:\/\/api.w.org\/{rel}","templated":true}]}}