{"id":923,"date":"2013-10-25T10:40:20","date_gmt":"2013-10-25T10:40:20","guid":{"rendered":"https:\/\/bon.de\/?post_type=product&#038;p=923"},"modified":"2021-03-02T08:44:59","modified_gmt":"2021-03-02T08:44:59","slug":"algerbrush-ii-rust-ring-remover","status":"publish","type":"product","link":"https:\/\/bon.de\/en\/product\/algerbrush-ii-rust-ring-remover\/","title":{"rendered":"Algerbrush II rust ring remover"},"content":{"rendered":"<p>The ALGERBRUSH II is used by ophthalmologists, ER physicians and, in many states, optometrists who are trained and licensed to remove foreign bodies from the eye of a patient. Foreign bodies in the eye can leave rust rings when removed. These rust rings are normally caused by a ferrous foreign body accidentally striking the cornea or sclera of the patient. When the foreign body (usually from a spark produced by a grinding wheel or welding torch) strikes the eye it sticks to the eye and eventually produces rust when combined with the moisture in the eye. The ALGERBRUSH II is used for the expressed purpose of removing these rust rings from the eye of a patient.\n<\/p>\n<p>The ALGERBRUSH II has a very low torque motor powered by a single AA battery. The burr in this rotary instrument is used as a &#8220;brush&#8221; rather than a drill and the rust ring is thus &#8220;brushed&#8221; from the cornea or sclera leaving a smooth surface which in turn heals much faster than with other instruments which may be used for this purpose. The ALGERBRUSH II has been CE marked since 1998.<\/p>\n","protected":false},"excerpt":{"rendered":"<p>The ALGERBRUSH II is used by ophthalmologists, ER physicians and, in many states, optometrists who are trained and licensed to remove foreign bodies from the eye of a patient. Foreign bodies in the eye can leave rust rings when removed. These rust rings are normally caused by a ferrous foreign body accidentally striking the cornea [&hellip;]<\/p>\n","protected":false},"featured_media":924,"comment_status":"open","ping_status":"closed","template":"","meta":{"_acf_changed":false,"inline_featured_image":false},"product_manufacturers":[482],"product_brand":[],"product_cat":[117,129,245],"product_tag":[],"class_list":{"0":"post-923","1":"product","2":"type-product","3":"status-publish","4":"has-post-thumbnail","6":"product_cat-consumables","7":"product_cat-rustring-remover","8":"product_cat-cornea","10":"first","11":"instock","12":"taxable","13":"shipping-taxable","14":"purchasable","15":"product-type-simple"},"acf":[],"yoast_head":"<!-- This site is optimized with the Yoast SEO plugin v27.0 - https:\/\/yoast.com\/product\/yoast-seo-wordpress\/ -->\n<title>Algerbrush II Corneafr\u00e4se (Rostringfr\u00e4se) mit 1 Bohrer<\/title>\n<meta name=\"description\" content=\"Algerbrush II Rostringfr\u00e4se, neues verbessertes Modell, komplett inklusive Batterie, Bohrerkupplung und einem 0,5 mm Hartmetall-Bohrer.\" \/>\n<meta name=\"robots\" content=\"index, follow, max-snippet:-1, max-image-preview:large, max-video-preview:-1\" \/>\n<link rel=\"canonical\" href=\"https:\/\/bon.de\/en\/product\/algerbrush-ii-rust-ring-remover\/\" \/>\n<meta property=\"og:locale\" content=\"en_US\" \/>\n<meta property=\"og:type\" content=\"article\" \/>\n<meta property=\"og:title\" content=\"Algerbrush II Corneafr\u00e4se (Rostringfr\u00e4se) mit 1 Bohrer\" \/>\n<meta property=\"og:description\" content=\"Algerbrush II Rostringfr\u00e4se, neues verbessertes Modell, komplett inklusive Batterie, Bohrerkupplung und einem 0,5 mm Hartmetall-Bohrer.\" \/>\n<meta property=\"og:url\" content=\"https:\/\/bon.de\/en\/product\/algerbrush-ii-rust-ring-remover\/\" \/>\n<meta property=\"og:site_name\" content=\"bon Optic - Partner auf Augenh\u00f6he\" \/>\n<meta property=\"article:modified_time\" content=\"2021-03-02T08:44:59+00:00\" \/>\n<meta property=\"og:image\" content=\"https:\/\/bon.de\/wp-content\/uploads\/2013\/11\/products-algerbrush2-1.jpg\" \/>\n\t<meta property=\"og:image:width\" content=\"400\" \/>\n\t<meta property=\"og:image:height\" content=\"400\" \/>\n\t<meta property=\"og:image:type\" content=\"image\/jpeg\" \/>\n<meta name=\"twitter:card\" content=\"summary_large_image\" \/>\n<meta name=\"twitter:label1\" content=\"Est. reading time\" \/>\n\t<meta name=\"twitter:data1\" content=\"1 minute\" \/>\n<script type=\"application\/ld+json\" class=\"yoast-schema-graph\">{\"@context\":\"https:\/\/schema.org\",\"@graph\":[{\"@type\":\"WebPage\",\"@id\":\"https:\/\/bon.de\/en\/product\/algerbrush-ii-rust-ring-remover\/\",\"url\":\"https:\/\/bon.de\/en\/product\/algerbrush-ii-rust-ring-remover\/\",\"name\":\"Algerbrush II Corneafr\u00e4se (Rostringfr\u00e4se) mit 1 Bohrer\",\"isPartOf\":{\"@id\":\"https:\/\/bon.de\/#website\"},\"primaryImageOfPage\":{\"@id\":\"https:\/\/bon.de\/en\/product\/algerbrush-ii-rust-ring-remover\/#primaryimage\"},\"image\":{\"@id\":\"https:\/\/bon.de\/en\/product\/algerbrush-ii-rust-ring-remover\/#primaryimage\"},\"thumbnailUrl\":\"https:\/\/bon.de\/wp-content\/uploads\/2013\/11\/products-algerbrush2-1.jpg\",\"datePublished\":\"2013-10-25T10:40:20+00:00\",\"dateModified\":\"2021-03-02T08:44:59+00:00\",\"description\":\"Algerbrush II Rostringfr\u00e4se, neues verbessertes Modell, komplett inklusive Batterie, Bohrerkupplung und einem 0,5 mm Hartmetall-Bohrer.\",\"breadcrumb\":{\"@id\":\"https:\/\/bon.de\/en\/product\/algerbrush-ii-rust-ring-remover\/#breadcrumb\"},\"inLanguage\":\"en-US\",\"potentialAction\":[{\"@type\":\"ReadAction\",\"target\":[\"https:\/\/bon.de\/en\/product\/algerbrush-ii-rust-ring-remover\/\"]}]},{\"@type\":\"ImageObject\",\"inLanguage\":\"en-US\",\"@id\":\"https:\/\/bon.de\/en\/product\/algerbrush-ii-rust-ring-remover\/#primaryimage\",\"url\":\"https:\/\/bon.de\/wp-content\/uploads\/2013\/11\/products-algerbrush2-1.jpg\",\"contentUrl\":\"https:\/\/bon.de\/wp-content\/uploads\/2013\/11\/products-algerbrush2-1.jpg\",\"width\":400,\"height\":400},{\"@type\":\"BreadcrumbList\",\"@id\":\"https:\/\/bon.de\/en\/product\/algerbrush-ii-rust-ring-remover\/#breadcrumb\",\"itemListElement\":[{\"@type\":\"ListItem\",\"position\":1,\"name\":\"Home\",\"item\":\"https:\/\/bon.de\/en\/\"},{\"@type\":\"ListItem\",\"position\":2,\"name\":\"Shop\",\"item\":\"https:\/\/bon.de\/en\/shop-2-2\/\"},{\"@type\":\"ListItem\",\"position\":3,\"name\":\"Algerbrush II rust ring remover\"}]},{\"@type\":\"WebSite\",\"@id\":\"https:\/\/bon.de\/#website\",\"url\":\"https:\/\/bon.de\/\",\"name\":\"bon Optic - Partner auf Augenh\u00f6he\",\"description\":\"\",\"publisher\":{\"@id\":\"https:\/\/bon.de\/#organization\"},\"potentialAction\":[{\"@type\":\"SearchAction\",\"target\":{\"@type\":\"EntryPoint\",\"urlTemplate\":\"https:\/\/bon.de\/?s={search_term_string}\"},\"query-input\":{\"@type\":\"PropertyValueSpecification\",\"valueRequired\":true,\"valueName\":\"search_term_string\"}}],\"inLanguage\":\"en-US\"},{\"@type\":\"Organization\",\"@id\":\"https:\/\/bon.de\/#organization\",\"name\":\"bon Optic Vertriebsgesellschaft mbH\",\"url\":\"https:\/\/bon.de\/\",\"logo\":{\"@type\":\"ImageObject\",\"inLanguage\":\"en-US\",\"@id\":\"https:\/\/bon.de\/#\/schema\/logo\/image\/\",\"url\":\"https:\/\/bon.de\/wp-content\/uploads\/2021\/06\/bon-Logo_512x512px.png\",\"contentUrl\":\"https:\/\/bon.de\/wp-content\/uploads\/2021\/06\/bon-Logo_512x512px.png\",\"width\":512,\"height\":512,\"caption\":\"bon Optic Vertriebsgesellschaft mbH\"},\"image\":{\"@id\":\"https:\/\/bon.de\/#\/schema\/logo\/image\/\"},\"sameAs\":[\"https:\/\/www.linkedin.com\/company\/bon-optic-vertriebsgesellschaft-mbh\/\",\"https:\/\/www.youtube.com\/channel\/UCSURhENDItKaH88bvn8LlcA\"]}]}<\/script>\n<!-- \/ Yoast SEO plugin. -->","yoast_head_json":{"title":"Algerbrush II Corneafr\u00e4se (Rostringfr\u00e4se) mit 1 Bohrer","description":"Algerbrush II Rostringfr\u00e4se, neues verbessertes Modell, komplett inklusive Batterie, Bohrerkupplung und einem 0,5 mm Hartmetall-Bohrer.","robots":{"index":"index","follow":"follow","max-snippet":"max-snippet:-1","max-image-preview":"max-image-preview:large","max-video-preview":"max-video-preview:-1"},"canonical":"https:\/\/bon.de\/en\/product\/algerbrush-ii-rust-ring-remover\/","og_locale":"en_US","og_type":"article","og_title":"Algerbrush II Corneafr\u00e4se (Rostringfr\u00e4se) mit 1 Bohrer","og_description":"Algerbrush II Rostringfr\u00e4se, neues verbessertes Modell, komplett inklusive Batterie, Bohrerkupplung und einem 0,5 mm Hartmetall-Bohrer.","og_url":"https:\/\/bon.de\/en\/product\/algerbrush-ii-rust-ring-remover\/","og_site_name":"bon Optic - Partner auf Augenh\u00f6he","article_modified_time":"2021-03-02T08:44:59+00:00","og_image":[{"width":400,"height":400,"url":"https:\/\/bon.de\/wp-content\/uploads\/2013\/11\/products-algerbrush2-1.jpg","type":"image\/jpeg"}],"twitter_card":"summary_large_image","twitter_misc":{"Est. reading time":"1 minute"},"schema":{"@context":"https:\/\/schema.org","@graph":[{"@type":"WebPage","@id":"https:\/\/bon.de\/en\/product\/algerbrush-ii-rust-ring-remover\/","url":"https:\/\/bon.de\/en\/product\/algerbrush-ii-rust-ring-remover\/","name":"Algerbrush II Corneafr\u00e4se (Rostringfr\u00e4se) mit 1 Bohrer","isPartOf":{"@id":"https:\/\/bon.de\/#website"},"primaryImageOfPage":{"@id":"https:\/\/bon.de\/en\/product\/algerbrush-ii-rust-ring-remover\/#primaryimage"},"image":{"@id":"https:\/\/bon.de\/en\/product\/algerbrush-ii-rust-ring-remover\/#primaryimage"},"thumbnailUrl":"https:\/\/bon.de\/wp-content\/uploads\/2013\/11\/products-algerbrush2-1.jpg","datePublished":"2013-10-25T10:40:20+00:00","dateModified":"2021-03-02T08:44:59+00:00","description":"Algerbrush II Rostringfr\u00e4se, neues verbessertes Modell, komplett inklusive Batterie, Bohrerkupplung und einem 0,5 mm Hartmetall-Bohrer.","breadcrumb":{"@id":"https:\/\/bon.de\/en\/product\/algerbrush-ii-rust-ring-remover\/#breadcrumb"},"inLanguage":"en-US","potentialAction":[{"@type":"ReadAction","target":["https:\/\/bon.de\/en\/product\/algerbrush-ii-rust-ring-remover\/"]}]},{"@type":"ImageObject","inLanguage":"en-US","@id":"https:\/\/bon.de\/en\/product\/algerbrush-ii-rust-ring-remover\/#primaryimage","url":"https:\/\/bon.de\/wp-content\/uploads\/2013\/11\/products-algerbrush2-1.jpg","contentUrl":"https:\/\/bon.de\/wp-content\/uploads\/2013\/11\/products-algerbrush2-1.jpg","width":400,"height":400},{"@type":"BreadcrumbList","@id":"https:\/\/bon.de\/en\/product\/algerbrush-ii-rust-ring-remover\/#breadcrumb","itemListElement":[{"@type":"ListItem","position":1,"name":"Home","item":"https:\/\/bon.de\/en\/"},{"@type":"ListItem","position":2,"name":"Shop","item":"https:\/\/bon.de\/en\/shop-2-2\/"},{"@type":"ListItem","position":3,"name":"Algerbrush II rust ring remover"}]},{"@type":"WebSite","@id":"https:\/\/bon.de\/#website","url":"https:\/\/bon.de\/","name":"bon Optic - Partner auf Augenh\u00f6he","description":"","publisher":{"@id":"https:\/\/bon.de\/#organization"},"potentialAction":[{"@type":"SearchAction","target":{"@type":"EntryPoint","urlTemplate":"https:\/\/bon.de\/?s={search_term_string}"},"query-input":{"@type":"PropertyValueSpecification","valueRequired":true,"valueName":"search_term_string"}}],"inLanguage":"en-US"},{"@type":"Organization","@id":"https:\/\/bon.de\/#organization","name":"bon Optic Vertriebsgesellschaft mbH","url":"https:\/\/bon.de\/","logo":{"@type":"ImageObject","inLanguage":"en-US","@id":"https:\/\/bon.de\/#\/schema\/logo\/image\/","url":"https:\/\/bon.de\/wp-content\/uploads\/2021\/06\/bon-Logo_512x512px.png","contentUrl":"https:\/\/bon.de\/wp-content\/uploads\/2021\/06\/bon-Logo_512x512px.png","width":512,"height":512,"caption":"bon Optic Vertriebsgesellschaft mbH"},"image":{"@id":"https:\/\/bon.de\/#\/schema\/logo\/image\/"},"sameAs":["https:\/\/www.linkedin.com\/company\/bon-optic-vertriebsgesellschaft-mbh\/","https:\/\/www.youtube.com\/channel\/UCSURhENDItKaH88bvn8LlcA"]}]}},"_links":{"self":[{"href":"https:\/\/bon.de\/en\/wp-json\/wp\/v2\/product\/923","targetHints":{"allow":["GET"]}}],"collection":[{"href":"https:\/\/bon.de\/en\/wp-json\/wp\/v2\/product"}],"about":[{"href":"https:\/\/bon.de\/en\/wp-json\/wp\/v2\/types\/product"}],"replies":[{"embeddable":true,"href":"https:\/\/bon.de\/en\/wp-json\/wp\/v2\/comments?post=923"}],"wp:featuredmedia":[{"embeddable":true,"href":"https:\/\/bon.de\/en\/wp-json\/wp\/v2\/media\/924"}],"wp:attachment":[{"href":"https:\/\/bon.de\/en\/wp-json\/wp\/v2\/media?parent=923"}],"wp:term":[{"taxonomy":"product_manufacturers","embeddable":true,"href":"https:\/\/bon.de\/en\/wp-json\/wp\/v2\/product_manufacturers?post=923"},{"taxonomy":"product_brand","embeddable":true,"href":"https:\/\/bon.de\/en\/wp-json\/wp\/v2\/product_brand?post=923"},{"taxonomy":"product_cat","embeddable":true,"href":"https:\/\/bon.de\/en\/wp-json\/wp\/v2\/product_cat?post=923"},{"taxonomy":"product_tag","embeddable":true,"href":"https:\/\/bon.de\/en\/wp-json\/wp\/v2\/product_tag?post=923"}],"curies":[{"name":"wp","href":"https:\/\/api.w.org\/{rel}","templated":true}]}}